{"id":1486,"date":"2018-12-06T13:23:06","date_gmt":"2018-12-06T13:23:06","guid":{"rendered":"http:\/\/www.alpwirtschaft.ch\/?page_id=1486"},"modified":"2026-04-15T08:50:36","modified_gmt":"2026-04-15T08:50:36","slug":"newsletter","status":"publish","type":"page","link":"https:\/\/www.alpwirtschaft.ch\/newsletter\/","title":{"rendered":"Newsletter"},"content":{"rendered":"\n<p>Der SAV informiert drei- bis viermal j\u00e4hrlich \u00fcber aktuelle alpwirtschaftliche Themen aus Politik, Beratung und Forschung.<\/p>\n\n\n\n<p>Sie k\u00f6nnen sich \u00fcber folgendes Formular f\u00fcr den Newsletter einschreiben:<\/p>\n\n\n\n<div>\n<form style=\"margin-bottom:20px;\" class=\"js-cm-form\" id=\"subForm\" action=\"https:\/\/www.createsend.com\/t\/subscribeerror?description=\" method=\"post\" data-id=\"30FEA77E7D0A9B8D7616376B900632316B0705F05B6C71E916AD15637F15205C40924ED08A7E097DA046E7ACE9432FB6208A8C85EFE4C424B79EF2287C8F7A48\">\n<div>\n<div>\n<label class=\"form\">Name <\/label><br>\n<input aria-label=\"Name\" class=\"wpcf7-form-control wpcf7-text form\" id=\"fieldName\" maxlength=\"200\" name=\"cm-name\" placeholder=\"\" required=\"\"><\/div>\n<div>\n<label class=\"form\">E-Mail-Adresse <\/label><br>\n<input autocomplete=\"Email\" aria-label=\"E-Mail-Adresse\" class=\"js-cm-email-input qa-input-email wpcf7-form-control wpcf7-text form\" id=\"fieldEmail\" maxlength=\"200\" name=\"cm-jluisr-jluisr\" placeholder=\"\" required=\"\" type=\"email\">\n<\/div>\n<div>\n<div>\n<div>\n<input aria-required=\"\" id=\"cm-privacy-consent\" name=\"cm-privacy-consent\" required=\"\" type=\"checkbox\" style=\"margin-right: 10px;\"><label for=\"cm-privacy-consent\">Ich akzeptiere die Datenschutzbestimmungen.<\/label>\n<\/div>\n<input id=\"cm-privacy-consent-hidden\" name=\"cm-privacy-consent-hidden\" type=\"hidden\" value=\"true\"><\/div>\n<\/div>\n<\/div>\n<button type=\"submit\" class=\"wpcf7-form-control has-spinner wpcf7-submit\">Senden<\/button><\/form><\/div><script type=\"text\/javascript\" src=\"https:\/\/js.createsend1.com\/javascript\/copypastesubscribeformlogic.js\">\n<\/script>\n\n<!-- <p><strong><a href=\"https:\/\/subscribe.newsletter2go.com\/?n2g=il19ku47-wp3ocgg3-28f&amp;_ga=2.158225402.1970991269.1597061762-1245462593.1595826042\" target=\"_blank\" rel=\"noopener noreferrer\">Hier geht's zum Anmeldeformular f\u00fcr den Newsletter<\/a><\/strong><\/p> -->\n\n\n<p>Eine Anmeldung ist auch m\u00f6glich per E-Mail an info@alpwirtschaft.ch mit Betreff \u00ab\u00a0Newsletter ABO d\u00a0\u00bb.<\/p>\n<p><em>F\u00fcr das E-Mail mit dem Best\u00e4tigungslink bitte auch die Junk-E-Mails kontrollieren.<\/em><\/p>\n<p><strong>Archiv:<\/strong><\/p>\n<p><a href=\"https:\/\/newsletter.viaduct.ch\/campaigns\/reports\/viewCampaign.aspx?d=i&amp;c=F82BE1B61C407BB5&amp;ID=E94C330E10CD79C52540EF23F30FEDED&amp;temp=False&amp;tx=0&amp;source=Report\" target=\"_blank\" rel=\"noopener\">SAV NEWSLETTER APRIL 2026<\/a><\/p>\n<p><a href=\"https:\/\/newsletter.viaduct.ch\/campaigns\/reports\/viewCampaign.aspx?d=i&amp;c=F82BE1B61C407BB5&amp;ID=051B131BE298F6012540EF23F30FEDED&amp;temp=False&amp;tx=0&amp;source=Report\" target=\"_blank\" rel=\"noopener\">SAV NEWSLETTER DEZEMBER 2025<\/a><\/p>\n<p><a href=\"https:\/\/newsletter.viaduct.ch\/campaigns\/reports\/viewCampaign.aspx?d=i&amp;c=F82BE1B61C407BB5&amp;ID=99C35CE7994B43B22540EF23F30FEDED&amp;temp=False&amp;tx=0&amp;source=Report\" target=\"_blank\" rel=\"noopener\">SAV NEWSLETTER OKTOBER 2025<\/a><\/p>\n<p><a href=\"https:\/\/newsletter.viaduct.ch\/campaigns\/reports\/viewCampaign.aspx?d=i&amp;c=F82BE1B61C407BB5&amp;ID=1607174F0D117AB92540EF23F30FEDED&amp;temp=False&amp;tx=0&amp;source=CampaignOverview\" target=\"_blank\" rel=\"noopener\">SAV NEWSLETTER JUNI 2025<\/a><\/p>\n<p><a href=\"https:\/\/newsletter.viaduct.ch\/campaigns\/reports\/viewCampaign.aspx?d=i&amp;c=F82BE1B61C407BB5&amp;ID=D3CF4A39DAC72D882540EF23F30FEDED&amp;temp=False&amp;tx=0&amp;source=CampaignOverview\" target=\"_blank\" rel=\"noopener\">SAV NEWSLETTER APRIL 2025<\/a><\/p>\n<p><a href=\"https:\/\/newsletter.viaduct.ch\/campaigns\/reports\/viewCampaign.aspx?d=i&amp;c=F82BE1B61C407BB5&amp;ID=D42FC878D345F0FD2540EF23F30FEDED&amp;temp=False&amp;tx=0&amp;source=CampaignOverview\" target=\"_blank\" rel=\"noopener\">SAV NEWSLETTER DEZEMBER 2024<\/a><\/p>\n<p><a href=\"https:\/\/newsletter.viaduct.ch\/campaigns\/reports\/viewCampaign.aspx?d=i&amp;c=F82BE1B61C407BB5&amp;ID=7B2CF8317A6EBEEA2540EF23F30FEDED&amp;temp=False&amp;tx=0&amp;source=CampaignOverview\" target=\"_blank\" rel=\"noopener\">SAV NEWSLETTER SEPTEMBER 2024<\/a><\/p>\n<p><a href=\"https:\/\/newsletter.viaduct.ch\/campaigns\/reports\/viewCampaign.aspx?d=i&amp;c=F82BE1B61C407BB5&amp;ID=8EAE288F716A64472540EF23F30FEDED&amp;temp=False&amp;tx=0&amp;source=CampaignOverview\" target=\"_blank\" rel=\"noopener\">SAV NEWSLETTER JUNI 2024<\/a><\/p>\n<p><a href=\"https:\/\/newsletter.viaduct.ch\/campaigns\/reports\/viewCampaign.aspx?d=i&amp;c=F82BE1B61C407BB5&amp;ID=A8C623AD7394157A2540EF23F30FEDED&amp;temp=False&amp;tx=0&amp;source=CampaignOverview\" target=\"_blank\" rel=\"noopener\">SAV NEWSLETTER APRIL 2024<\/a><\/p>\n<p><a href=\"https:\/\/newsletter.viaduct.ch\/campaigns\/reports\/viewCampaign.aspx?d=i&amp;c=F82BE1B61C407BB5&amp;ID=1A1E8C9627574D962540EF23F30FEDED&amp;temp=False&amp;tx=0&amp;source=Report\" target=\"_blank\" rel=\"noopener\">SAV NEWSLETTER DEZEMBER 2023<\/a><\/p>\n<p><a href=\"https:\/\/newsletter.viaduct.ch\/campaigns\/reports\/viewCampaign.aspx?d=i&amp;c=F82BE1B61C407BB5&amp;ID=4A47C2559C49B9912540EF23F30FEDED&amp;temp=False&amp;tx=0&amp;source=Report\" target=\"_blank\" rel=\"noopener\">SAV NEWSLETTER OKTOBER 2023<\/a><\/p>\n<p><a href=\"https:\/\/newsletter.viaduct.ch\/campaigns\/reports\/viewCampaign.aspx?d=i&amp;c=F82BE1B61C407BB5&amp;ID=8A62D8F757AD7CE72540EF23F30FEDED&amp;temp=False&amp;tx=0&amp;source=CampaignOverview\" target=\"_blank\" rel=\"noopener\">SAV NEWSLETTER JUNI 2023<\/a><\/p>\n<p><a href=\"https:\/\/newsletter.viaduct.ch\/campaigns\/reports\/viewCampaign.aspx?d=i&amp;c=F82BE1B61C407BB5&amp;ID=3721159D4CAB97282540EF23F30FEDED&amp;temp=False&amp;tx=0&amp;source=CampaignOverview\" target=\"_blank\" rel=\"noopener\">SAV NEWSLETTER APRIL 2023<\/a><\/p>","protected":false},"excerpt":{"rendered":"<p>Der SAV informiert drei- bis viermal j\u00e4hrlich \u00fcber aktuelle alpwirtschaftliche Themen aus Politik, Beratung und Forschung. Sie k\u00f6nnen sich \u00fcber folgendes Formular f\u00fcr den Newsletter einschreiben: Name E-Mail-Adresse Ich akzeptiere die Datenschutzbestimmungen. Senden Eine Anmeldung ist auch m\u00f6glich per E-Mail an info@alpwirtschaft.ch mit Betreff \u00ab\u00a0Newsletter ABO d\u00a0\u00bb. F\u00fcr das E-Mail mit dem Best\u00e4tigungslink bitte auch [&hellip;]<\/p>\n","protected":false},"author":5,"featured_media":0,"parent":0,"menu_order":1,"comment_status":"closed","ping_status":"closed","template":"","meta":{"ngg_post_thumbnail":0,"footnotes":""},"class_list":["post-1486","page","type-page","status-publish","hentry"],"_links":{"self":[{"href":"https:\/\/www.alpwirtschaft.ch\/fr\/wp-json\/wp\/v2\/pages\/1486","targetHints":{"allow":["GET"]}}],"collection":[{"href":"https:\/\/www.alpwirtschaft.ch\/fr\/wp-json\/wp\/v2\/pages"}],"about":[{"href":"https:\/\/www.alpwirtschaft.ch\/fr\/wp-json\/wp\/v2\/types\/page"}],"author":[{"embeddable":true,"href":"https:\/\/www.alpwirtschaft.ch\/fr\/wp-json\/wp\/v2\/users\/5"}],"replies":[{"embeddable":true,"href":"https:\/\/www.alpwirtschaft.ch\/fr\/wp-json\/wp\/v2\/comments?post=1486"}],"version-history":[{"count":51,"href":"https:\/\/www.alpwirtschaft.ch\/fr\/wp-json\/wp\/v2\/pages\/1486\/revisions"}],"predecessor-version":[{"id":8203,"href":"https:\/\/www.alpwirtschaft.ch\/fr\/wp-json\/wp\/v2\/pages\/1486\/revisions\/8203"}],"wp:attachment":[{"href":"https:\/\/www.alpwirtschaft.ch\/fr\/wp-json\/wp\/v2\/media?parent=1486"}],"curies":[{"name":"wp","href":"https:\/\/api.w.org\/{rel}","templated":true}]}}