{"id":1583,"date":"2019-06-26T15:09:34","date_gmt":"2019-06-26T15:09:34","guid":{"rendered":"http:\/\/www.alpwirtschaft.ch\/?page_id=1583"},"modified":"2025-11-19T10:32:39","modified_gmt":"2025-11-19T10:32:39","slug":"assemblee-generale","status":"publish","type":"page","link":"https:\/\/www.alpwirtschaft.ch\/fr\/societe\/assemblee-generale\/","title":{"rendered":"Assembl\u00e9e g\u00e9n\u00e9rale"},"content":{"rendered":"<h3><span style=\"color: #000000;\"><strong>L&rsquo;Assembl\u00e9e g\u00e9n\u00e9rale 2025 de la SSEA a eu lieu le 14 novembre \u00e0 Ch\u00e2teau-d&rsquo;Oex (VD).<\/strong><\/span><\/h3>\n<p><strong>Pr\u00e9sentations de l&rsquo;Assembl\u00e9e g\u00e9n\u00e9rale 2025:<\/strong><\/p>\n<ul>\n<li><a href=\"https:\/\/www.alpwirtschaft.ch\/wp-content\/uploads\/2025\/11\/Praesentation-BLW-fuer-SAV-Hauptversammlung-FR_FINAL.pdf\" target=\"_blank\" rel=\"noopener\">Les actualit\u00e9s de la politique agricole, Bernard Belk (Vice-directeur OFAG)<\/a><\/li>\n<li><a href=\"https:\/\/www.alpwirtschaft.ch\/wp-content\/uploads\/2025\/11\/LEtivaz-AOP_AOP_Societe-Alpestre_Novembre-2025-1.pdf\" target=\"_blank\" rel=\"noopener\">La coop\u00e9rative Etivaz AOP &#8211; notre strat\u00e9gie de marketing et de qualit\u00e9: la collaboration, J\u00e9r\u00f4me Groebli (Directeur)<\/a><\/li>\n<li><a href=\"https:\/\/www.alpwirtschaft.ch\/wp-content\/uploads\/2025\/11\/PPT_AG_SSEA_def.pdf\" target=\"_blank\" rel=\"noopener\">La saison d&rsquo;alpage dans le Parc Gruy\u00e8re Pays-d&rsquo;Enhaut, nouvelles perspectives gr\u00e2ce \u00e0 la reconnaissance de l&rsquo;UNESCO, Bruno Cl\u00e9ment (Directeur)<\/a><\/li>\n<\/ul>\n<h3><strong>Proc\u00e8s verbaux des Assembl\u00e9es g\u00e9n\u00e9rales<\/strong><\/h3>\n<ul>\n<li><a href=\"https:\/\/www.alpwirtschaft.ch\/wp-content\/uploads\/2025\/11\/24_SAV_HV_Protokoll-1.pdf\" target=\"_blank\" rel=\"noopener\">PV de l&rsquo;Assembl\u00e9e g\u00e9n\u00e9rale 2024 (GL)<\/a><\/li>\n<li><a href=\"https:\/\/www.alpwirtschaft.ch\/wp-content\/uploads\/2024\/10\/23_SAV_HV_Protokoll-fr.pdf\" target=\"_blank\" rel=\"noopener\">PV de l&rsquo;Assembl\u00e9e g\u00e9n\u00e9rale 2023 (OW)<\/a><\/li>\n<li><a href=\"https:\/\/www.alpwirtschaft.ch\/wp-content\/uploads\/2023\/11\/22_HV_Protokoll-1.pdf\" target=\"_blank\" rel=\"noopener\">PV de l&rsquo;Assembl\u00e9e g\u00e9n\u00e9rale 2022 (BE)<\/a><\/li>\n<li><a href=\"https:\/\/www.alpwirtschaft.ch\/wp-content\/uploads\/2022\/03\/21_HV_Protokoll-1.pdf\">PV de l&rsquo;Assembl\u00e9e g\u00e9n\u00e9rale 2021 (par \u00e9crit)<\/a><\/li>\n<li><a href=\"https:\/\/www.alpwirtschaft.ch\/wp-content\/uploads\/2021\/11\/20_HV_Protokoll_def.pdf\">PV de l&rsquo;Assembl\u00e9e g\u00e9n\u00e9rale 2020 (par \u00e9crit)<\/a><\/li>\n<li><a href=\"https:\/\/www.alpwirtschaft.ch\/wp-content\/uploads\/2020\/11\/19_HV_Protokoll_def.pdf\">PV de l&rsquo;Assembl\u00e9e g\u00e9n\u00e9rale 2019 (LU)<\/a><\/li>\n<li><a href=\"https:\/\/www.alpwirtschaft.ch\/wp-content\/uploads\/2019\/03\/18_HV_Protokoll_genehmigt.pdf\" target=\"_blank\" rel=\"noopener noreferrer\">PV de l&rsquo;Assembl\u00e9e g\u00e9n\u00e9rale 2018 (SO)<\/a><\/li>\n<li><a href=\"https:\/\/www.alpwirtschaft.ch\/wp-content\/uploads\/2019\/03\/HV-Protokoll-2017_VS.pdf\" target=\"_blank\" rel=\"noopener noreferrer\">PV de l&rsquo;Assembl\u00e9e g\u00e9n\u00e9rale 2017 (VS)<\/a><\/li>\n<li><a href=\"https:\/\/www.alpwirtschaft.ch\/wp-content\/uploads\/2019\/03\/HV-Protokoll-2016_TI.pdf\" target=\"_blank\" rel=\"noopener noreferrer\">PV de l&rsquo;Assembl\u00e9e g\u00e9n\u00e9rale 2016 (TI)<\/a><\/li>\n<\/ul>\n\n\n<p><\/p>\n","protected":false},"excerpt":{"rendered":"<p>L&rsquo;Assembl\u00e9e g\u00e9n\u00e9rale 2025 de la SSEA a eu lieu le 14 novembre \u00e0 Ch\u00e2teau-d&rsquo;Oex (VD). Pr\u00e9sentations de l&rsquo;Assembl\u00e9e g\u00e9n\u00e9rale 2025: Les actualit\u00e9s de la politique agricole, Bernard Belk (Vice-directeur OFAG) La coop\u00e9rative Etivaz AOP &#8211; notre strat\u00e9gie de marketing et de qualit\u00e9: la collaboration, J\u00e9r\u00f4me Groebli (Directeur) La saison d&rsquo;alpage dans le Parc Gruy\u00e8re Pays-d&rsquo;Enhaut, [&hellip;]<\/p>\n","protected":false},"author":5,"featured_media":0,"parent":607,"menu_order":0,"comment_status":"closed","ping_status":"closed","template":"template-fullwidth.php","meta":{"ngg_post_thumbnail":0,"footnotes":""},"class_list":["post-1583","page","type-page","status-publish","hentry"],"_links":{"self":[{"href":"https:\/\/www.alpwirtschaft.ch\/fr\/wp-json\/wp\/v2\/pages\/1583","targetHints":{"allow":["GET"]}}],"collection":[{"href":"https:\/\/www.alpwirtschaft.ch\/fr\/wp-json\/wp\/v2\/pages"}],"about":[{"href":"https:\/\/www.alpwirtschaft.ch\/fr\/wp-json\/wp\/v2\/types\/page"}],"author":[{"embeddable":true,"href":"https:\/\/www.alpwirtschaft.ch\/fr\/wp-json\/wp\/v2\/users\/5"}],"replies":[{"embeddable":true,"href":"https:\/\/www.alpwirtschaft.ch\/fr\/wp-json\/wp\/v2\/comments?post=1583"}],"version-history":[{"count":94,"href":"https:\/\/www.alpwirtschaft.ch\/fr\/wp-json\/wp\/v2\/pages\/1583\/revisions"}],"predecessor-version":[{"id":8031,"href":"https:\/\/www.alpwirtschaft.ch\/fr\/wp-json\/wp\/v2\/pages\/1583\/revisions\/8031"}],"up":[{"embeddable":true,"href":"https:\/\/www.alpwirtschaft.ch\/fr\/wp-json\/wp\/v2\/pages\/607"}],"wp:attachment":[{"href":"https:\/\/www.alpwirtschaft.ch\/fr\/wp-json\/wp\/v2\/media?parent=1583"}],"curies":[{"name":"wp","href":"https:\/\/api.w.org\/{rel}","templated":true}]}}