{"id":1669,"date":"2019-08-19T16:31:29","date_gmt":"2019-08-19T16:31:29","guid":{"rendered":"http:\/\/www.alpwirtschaft.ch\/?page_id=1669"},"modified":"2020-11-19T16:38:38","modified_gmt":"2020-11-19T16:38:38","slug":"statuts","status":"publish","type":"page","link":"https:\/\/www.alpwirtschaft.ch\/fr\/statuts\/","title":{"rendered":"Statuts"},"content":{"rendered":"<p><a href=\"https:\/\/www.alpwirtschaft.ch\/wp-content\/uploads\/2019\/08\/19_SAV_Statuten-ab-2020_f.pdf\" target=\"_blank\" rel=\"noopener noreferrer\">Les statuts de la SSEA<\/a><\/p>\n<p><a href=\"https:\/\/www.alpwirtschaft.ch\/wp-content\/uploads\/2020\/11\/201121_Beitragsreglement_2021_f.pdf\">R\u00e9glement des c\u00f4tisations \u00e0 partir de 2021 (pdf)<\/a><\/p>\n","protected":false},"excerpt":{"rendered":"<p>Les statuts de la SSEA R\u00e9glement des c\u00f4tisations \u00e0 partir de 2021 (pdf)<\/p>\n","protected":false},"author":5,"featured_media":0,"parent":0,"menu_order":0,"comment_status":"closed","ping_status":"closed","template":"","meta":{"ngg_post_thumbnail":0,"footnotes":""},"class_list":["post-1669","page","type-page","status-publish","hentry"],"_links":{"self":[{"href":"https:\/\/www.alpwirtschaft.ch\/fr\/wp-json\/wp\/v2\/pages\/1669","targetHints":{"allow":["GET"]}}],"collection":[{"href":"https:\/\/www.alpwirtschaft.ch\/fr\/wp-json\/wp\/v2\/pages"}],"about":[{"href":"https:\/\/www.alpwirtschaft.ch\/fr\/wp-json\/wp\/v2\/types\/page"}],"author":[{"embeddable":true,"href":"https:\/\/www.alpwirtschaft.ch\/fr\/wp-json\/wp\/v2\/users\/5"}],"replies":[{"embeddable":true,"href":"https:\/\/www.alpwirtschaft.ch\/fr\/wp-json\/wp\/v2\/comments?post=1669"}],"version-history":[{"count":5,"href":"https:\/\/www.alpwirtschaft.ch\/fr\/wp-json\/wp\/v2\/pages\/1669\/revisions"}],"predecessor-version":[{"id":2387,"href":"https:\/\/www.alpwirtschaft.ch\/fr\/wp-json\/wp\/v2\/pages\/1669\/revisions\/2387"}],"wp:attachment":[{"href":"https:\/\/www.alpwirtschaft.ch\/fr\/wp-json\/wp\/v2\/media?parent=1669"}],"curies":[{"name":"wp","href":"https:\/\/api.w.org\/{rel}","templated":true}]}}