{"id":1905,"date":"2019-12-19T06:56:13","date_gmt":"2019-12-19T06:56:13","guid":{"rendered":"http:\/\/www.alpwirtschaft.ch\/?page_id=1905"},"modified":"2025-07-04T08:48:07","modified_gmt":"2025-07-04T08:48:07","slug":"excursion-ssea","status":"publish","type":"page","link":"https:\/\/www.alpwirtschaft.ch\/fr\/excursion-ssea\/","title":{"rendered":"Excursion d&rsquo;alpage"},"content":{"rendered":"<p>La section saint-galloise accueillera l\u2019excursion d\u2019alpage du <strong>8 ao\u00fbt 2025<\/strong>. Tous les membres de la SSEA sont cordialement invit\u00e9s! L\u2019excursion nous fera d\u00e9couvrir les hauteurs du Toggenbourg, au pied du S\u00e4ntis et des Churfirsten. La balade s\u2019accompagne de la pr\u00e9sentation des corporations d\u2019alpages locales, d\u2019un alpage flambant neuf (fromagerie, chalet, \u00e9table), ainsi que de deux alpages de transformation du lait. Il faut compter avec deux heures de marche environ.<\/p>\n<p>Depuis 2024, les excursions d\u2019alpage sont organis\u00e9es en collaboration avec une section cantonale de la SSEA. L\u2019accent est mis sur l&rsquo;\u00e9change personnel et professionnel entre les alpagistes des diff\u00e9rentes r\u00e9gions de Suisse. Pendant l&rsquo;excursion, des th\u00e8mes techniques sont \u00e9galement abord\u00e9s. L\u2019\u00e9v\u00e8nement se d\u00e9roule dans un cadre convivial.<\/p>\n<p><a href=\"https:\/\/www.alpwirtschaft.ch\/wp-content\/uploads\/2025\/07\/Einladung-SAV-Alpwirtschaftskurs-2025_F_korrigierte-Version.pdf\" target=\"_blank\" rel=\"noopener\"><strong>Informations et inscription&nbsp;<\/strong><\/a><\/p>\n","protected":false},"excerpt":{"rendered":"<p>La section saint-galloise accueillera l\u2019excursion d\u2019alpage du 8 ao\u00fbt 2025. Tous les membres de la SSEA sont cordialement invit\u00e9s! L\u2019excursion nous fera d\u00e9couvrir les hauteurs du Toggenbourg, au pied du S\u00e4ntis et des Churfirsten. La balade s\u2019accompagne de la pr\u00e9sentation des corporations d\u2019alpages locales, d\u2019un alpage flambant neuf (fromagerie, chalet, \u00e9table), ainsi que de deux [&hellip;]<\/p>\n","protected":false},"author":5,"featured_media":0,"parent":0,"menu_order":0,"comment_status":"closed","ping_status":"closed","template":"","meta":{"ngg_post_thumbnail":0,"footnotes":""},"class_list":["post-1905","page","type-page","status-publish","hentry"],"_links":{"self":[{"href":"https:\/\/www.alpwirtschaft.ch\/fr\/wp-json\/wp\/v2\/pages\/1905","targetHints":{"allow":["GET"]}}],"collection":[{"href":"https:\/\/www.alpwirtschaft.ch\/fr\/wp-json\/wp\/v2\/pages"}],"about":[{"href":"https:\/\/www.alpwirtschaft.ch\/fr\/wp-json\/wp\/v2\/types\/page"}],"author":[{"embeddable":true,"href":"https:\/\/www.alpwirtschaft.ch\/fr\/wp-json\/wp\/v2\/users\/5"}],"replies":[{"embeddable":true,"href":"https:\/\/www.alpwirtschaft.ch\/fr\/wp-json\/wp\/v2\/comments?post=1905"}],"version-history":[{"count":23,"href":"https:\/\/www.alpwirtschaft.ch\/fr\/wp-json\/wp\/v2\/pages\/1905\/revisions"}],"predecessor-version":[{"id":6851,"href":"https:\/\/www.alpwirtschaft.ch\/fr\/wp-json\/wp\/v2\/pages\/1905\/revisions\/6851"}],"wp:attachment":[{"href":"https:\/\/www.alpwirtschaft.ch\/fr\/wp-json\/wp\/v2\/media?parent=1905"}],"curies":[{"name":"wp","href":"https:\/\/api.w.org\/{rel}","templated":true}]}}