{"id":411,"date":"2015-05-20T14:38:41","date_gmt":"2015-05-20T14:38:41","guid":{"rendered":"http:\/\/www.alpwirtschaft.ch\/?page_id=411"},"modified":"2025-08-13T13:01:59","modified_gmt":"2025-08-13T13:01:59","slug":"contact","status":"publish","type":"page","link":"https:\/\/www.alpwirtschaft.ch\/fr\/contact\/","title":{"rendered":"Contact"},"content":{"rendered":"<p><strong>Adresse<\/strong><br \/>Soci\u00e9t\u00e9 Suisse d&rsquo;\u00e9conomie alpestre (SSEA)<br \/>Belpstrasse 26<br \/>3007 Berne<br \/>+41 (0)56 462 50 00<br \/><a href=\"mailto:info@alpwirtschaft.ch\" target=\"_blank\" rel=\"noopener\">info@economiealpestre.ch<\/a><\/p>\n<p><strong>G\u00e9rance<\/strong><br \/>Selina Droz, g\u00e9rante<br \/>+41 (0)56 462 50 01<br \/><a href=\"mailto:selina.droz@alpwirtschaft.ch\">Courriel<\/a><\/p>\n<p><strong>Secr\u00e9tariat, distinctions d&rsquo;honneur et taxation d&rsquo;alpages, administration des membres<\/strong><br \/>Stefanie Steger<br \/>+41 (0)56 462 50 00<br \/><a href=\"mailto:stefanie.steger@alpwirtschaft.ch\" target=\"_blank\" rel=\"noopener\">Courriel<\/a><\/p>\n<p><strong>Finances<br \/><\/strong>Andrea Brunner<br \/><a href=\"mailto:andrea.brunner@sbv-usp.ch\" target=\"_blank\" rel=\"noopener noreferrer\">Courriel<\/a><\/p>\n<p><strong>Compte bancaire<\/strong>: UKB, 6460 Altdorf, IBAN CH53 0078 5001 8930 5027 4<\/p>\n\n\n<h2 class=\"wp-block-heading\">Contactez-nous<\/h2>\n\n\n<div class='fluentform ff-default fluentform_wrapper_28 ffs_default_wrap'><form data-form_id=\"28\" id=\"fluentform_28\" class=\"frm-fluent-form fluent_form_28 ff-el-form-top ff_form_instance_28_1 ff-form-loading ffs_default\" data-form_instance=\"ff_form_instance_28_1\" method=\"POST\" ><fieldset  style=\"border: none!important;margin: 0!important;padding: 0!important;background-color: transparent!important;box-shadow: none!important;outline: none!important; min-inline-size: 100%;\">\n                    <legend class=\"ff_screen_reader_title\" style=\"display: block; margin: 0!important;padding: 0!important;height: 0!important;text-indent: -999999px;width: 0!important;overflow:hidden;\">Contactez nous<\/legend><input type='hidden' name='__fluent_form_embded_post_id' value='411' \/><input type=\"hidden\" id=\"_fluentform_28_fluentformnonce\" name=\"_fluentform_28_fluentformnonce\" value=\"75283f474a\" \/><input type=\"hidden\" name=\"_wp_http_referer\" value=\"\/fr\/wp-json\/wp\/v2\/pages\/411\" \/><div class='ff-el-group'><div class=\"ff-el-input--label asterisk-right\"><label for='ff_28_Name' id='label_ff_28_Name' aria-label=\"Nom:\">Nom:<\/label><\/div><div class='ff-el-input--content'><input type=\"text\" name=\"Name\" class=\"ff-el-form-control\" id=\"ff_28_Name\" data-name=\"Name\"  aria-invalid=\"false\" aria-required=false><\/div><\/div><div class='ff-el-group'><div class=\"ff-el-input--label asterisk-right\"><label for='ff_28_Strasse' id='label_ff_28_Strasse' aria-label=\"Rue:\">Rue:<\/label><\/div><div class='ff-el-input--content'><input type=\"text\" name=\"Strasse\" class=\"ff-el-form-control\" id=\"ff_28_Strasse\" data-name=\"Strasse\"  aria-invalid=\"false\" aria-required=false><\/div><\/div><div class='ff-el-group'><div class=\"ff-el-input--label asterisk-right\"><label for='ff_28_Ortschaft' id='label_ff_28_Ortschaft' aria-label=\"Lieu:\">Lieu:<\/label><\/div><div class='ff-el-input--content'><input type=\"text\" name=\"Ortschaft\" class=\"ff-el-form-control\" id=\"ff_28_Ortschaft\" data-name=\"Ortschaft\"  aria-invalid=\"false\" aria-required=false><\/div><\/div><div class='ff-el-group'><div class=\"ff-el-input--label asterisk-right\"><label for='ff_28_Mailadresse' id='label_ff_28_Mailadresse' aria-label=\"e-mail:\">e-mail:<\/label><\/div><div class='ff-el-input--content'><input type=\"email\" name=\"Mailadresse\" class=\"ff-el-form-control\" id=\"ff_28_Mailadresse\" data-name=\"Mailadresse\"  aria-invalid=\"false\" aria-required=false><\/div><\/div><div class='ff-el-group'><div class=\"ff-el-input--label asterisk-right\"><label for='ff_28_Mitteilung' id='label_ff_28_Mitteilung' aria-label=\"Message:\">Message:<\/label><\/div><div class='ff-el-input--content'><textarea aria-required=\"false\" aria-labelledby=\"label_ff_28_Mitteilung\" name=\"Mitteilung\" class=\"ff-el-form-control\" id=\"ff_28_Mitteilung\" cols=\"2\" data-name=\"Mitteilung\" ><\/textarea><\/div><\/div><div class='ff-el-group ' ><div class='ff-el-input--content'><div data-fluent_id='28' name='g-recaptcha-response'><div\n\t\tdata-sitekey='6LdvwqQrAAAAACONwTALd8xc5yvQLjHQ9B0SZ5iM'\n\t\tid='fluentform-recaptcha-28-1'\n\t\tclass='ff-el-recaptcha g-recaptcha'\n\t\tdata-callback='fluentFormrecaptchaSuccessCallback'><\/div><\/div><\/div><\/div><div class='ff-el-group ff-text-left ff_submit_btn_wrapper'><button type=\"submit\" class=\"ff-btn ff-btn-submit ff-btn-md ff_btn_style\"  aria-label=\"Envoyer\">Envoyer<\/button><\/div><\/fieldset><\/form><div id='fluentform_28_errors' class='ff-errors-in-stack ff_form_instance_28_1 ff-form-loading_errors ff_form_instance_28_1_errors'><\/div><\/div>            <script type=\"text\/javascript\">\n                window.fluent_form_ff_form_instance_28_1 = {\"id\":\"28\",\"settings\":{\"layout\":{\"labelPlacement\":\"top\",\"asteriskPlacement\":\"asterisk-right\",\"helpMessagePlacement\":\"with_label\",\"errorMessagePlacement\":\"inline\",\"cssClassName\":\"\"},\"restrictions\":{\"denyEmptySubmission\":{\"enabled\":false}}},\"form_instance\":\"ff_form_instance_28_1\",\"form_id_selector\":\"fluentform_28\",\"rules\":{\"Name\":{\"required\":{\"value\":false,\"message\":\"This field is required\",\"global\":false,\"global_message\":\"Dieses Feld ist erforderlich\"}},\"Strasse\":{\"required\":{\"value\":false,\"message\":\"This field is required\",\"global\":false,\"global_message\":\"Dieses Feld ist erforderlich\"}},\"Ortschaft\":{\"required\":{\"value\":false,\"message\":\"This field is required\",\"global\":false,\"global_message\":\"Dieses Feld ist erforderlich\"}},\"Mailadresse\":{\"required\":{\"value\":false,\"message\":\"This field is required\",\"global\":false,\"global_message\":\"Dieses Feld ist erforderlich\"},\"email\":{\"value\":1,\"message\":\"This field must contain a valid email\",\"global\":false,\"global_message\":\"Dieses Feld muss eine g\\u00fcltige E-Mail-Adresse enthalten\"}},\"Mitteilung\":{\"required\":{\"value\":false,\"message\":\"This field is required\",\"global\":false,\"global_message\":\"Dieses Feld ist erforderlich\"}},\"g-recaptcha-response\":[]},\"debounce_time\":300};\n                            <\/script>\n            \n","protected":false},"excerpt":{"rendered":"<p>AdresseSoci\u00e9t\u00e9 Suisse d&rsquo;\u00e9conomie alpestre (SSEA)Belpstrasse 263007 Berne+41 (0)56 462 50 00info@economiealpestre.ch G\u00e9ranceSelina Droz, g\u00e9rante+41 (0)56 462 50 01Courriel Secr\u00e9tariat, distinctions d&rsquo;honneur et taxation d&rsquo;alpages, administration des membresStefanie Steger+41 (0)56 462 50 00Courriel FinancesAndrea BrunnerCourriel Compte bancaire: UKB, 6460 Altdorf, IBAN CH53 0078 5001 8930 5027 4 Contactez-nous<\/p>\n","protected":false},"author":2,"featured_media":0,"parent":0,"menu_order":0,"comment_status":"open","ping_status":"open","template":"template-fullwidth.php","meta":{"ngg_post_thumbnail":0,"footnotes":""},"class_list":["post-411","page","type-page","status-publish","hentry"],"_links":{"self":[{"href":"https:\/\/www.alpwirtschaft.ch\/fr\/wp-json\/wp\/v2\/pages\/411","targetHints":{"allow":["GET"]}}],"collection":[{"href":"https:\/\/www.alpwirtschaft.ch\/fr\/wp-json\/wp\/v2\/pages"}],"about":[{"href":"https:\/\/www.alpwirtschaft.ch\/fr\/wp-json\/wp\/v2\/types\/page"}],"author":[{"embeddable":true,"href":"https:\/\/www.alpwirtschaft.ch\/fr\/wp-json\/wp\/v2\/users\/2"}],"replies":[{"embeddable":true,"href":"https:\/\/www.alpwirtschaft.ch\/fr\/wp-json\/wp\/v2\/comments?post=411"}],"version-history":[{"count":33,"href":"https:\/\/www.alpwirtschaft.ch\/fr\/wp-json\/wp\/v2\/pages\/411\/revisions"}],"predecessor-version":[{"id":7830,"href":"https:\/\/www.alpwirtschaft.ch\/fr\/wp-json\/wp\/v2\/pages\/411\/revisions\/7830"}],"wp:attachment":[{"href":"https:\/\/www.alpwirtschaft.ch\/fr\/wp-json\/wp\/v2\/media?parent=411"}],"curies":[{"name":"wp","href":"https:\/\/api.w.org\/{rel}","templated":true}]}}