{"id":480,"date":"2015-06-01T12:10:33","date_gmt":"2015-06-01T12:10:33","guid":{"rendered":"http:\/\/www.alpwirtschaft.ch\/?page_id=480"},"modified":"2024-01-11T11:04:06","modified_gmt":"2024-01-11T11:04:06","slug":"sav-branchenleitlinie","status":"publish","type":"page","link":"https:\/\/www.alpwirtschaft.ch\/sav-branchenleitlinie\/","title":{"rendered":"SAV Branchenleitlinie"},"content":{"rendered":"<h2><strong>Leitlinie f\u00fcr die gute Verfahrenspraxis bei der Milchgewinnung und \u2013verarbeitung in S\u00f6mmerungsbetrieben<\/strong><\/h2>\n<h4><strong>Ziel und Zweck der Leitlinie<\/strong><\/h4>\n<p>Die SAV Branchenleitlinie ist eine Leitlinie im Sinne von Artikel 80 LGV. Sie ist vom Bundesamt f\u00fcr Lebensmittelsicherheit und Veterin\u00e4rwesen genehmigt und damit rechtlich verbindlich. Sie hat zum Ziel, die <strong>Lebensmittelsicherheit der Alpprodukte<\/strong> nach anerkannten Standards zu gew\u00e4hrleisten. Sie unterst\u00fctzt auch die <strong>Erf\u00fcllung der lebensmittelrechtlichen Anforderungen <\/strong>bez\u00fcglich Selbstkontrollpflicht, R\u00fcckverfolgbarkeit und T\u00e4uschungsschutz. Die Anforderungen wurden aber teilweise vereinfacht, wie dies gem\u00e4ss Lebensmittelrecht f\u00fcr Kleinstbetriebe (max. 9 Mitarbeiter) m\u00f6glich ist.<\/p>\n<h4><strong>Bezugsstellen\/Lizenznehmer<\/strong><\/h4>\n<p>Die SAV Branchenleitlinie kann bei den Lizenznehmern bezogen werden.<\/p>\n<p>Die Lizenznehmer verf\u00fcgen \u00fcber einen Lizenzvertrag mit dem SAV und sind verantwortlich f\u00fcr die Vervielf\u00e4ltigung und Verteilung der Leitlinie in ihrem Kantonsgebiet. Der Verkaufspreis der Leitlinie sowie die Abgabemodalit\u00e4ten werden von den Lizenznehmern festgelegt.<\/p>\n<p><a href=\"https:\/\/www.alpwirtschaft.ch\/wp-content\/uploads\/2024\/01\/2303_Internetseite_Liste_Lizenznehmer.pdf\" target=\"_blank\" rel=\"noopener\"><strong>Liste der Lizenznehmer<\/strong><\/a><\/p>\n<h4><strong>Anpassungen der Arbeitsdokumente<\/strong><\/h4>\n<p>Die Branchenleitlinie erlaubt Anpassungen der Grundrezepturen und der zugeh\u00f6rigen Fabrikationsprotokolle an die regionalen und betriebsspezifischen Besonderheiten sowie Anpassungen and die speziellen Anforderungen der Pflichtenhefte der Produkte mit gesch\u00fctzten Ursprungsbezeichnungen und geografischen Angaben (GUB\/GGA). Die regionalen Sennereiberatungsstellen leisten hierbei Unterst\u00fctzung.<\/p>\n<p><strong>Nicht angepasst<\/strong> werden d\u00fcrfen die <strong>Soll- und Grenzwerte<\/strong> der CP\u2019s (Kontrollpunkte) und CCP\u2019s (kritische Kontrollpunkte).<\/p>\n<h4><strong>Anwendung der Leitlinie<\/strong><\/h4>\n<p>Mit der Anwendung der Leitlinie m\u00fcssen die milchverarbeitenden S\u00f6mmerungsbetriebe f\u00fcr ihre Produkte keine eigenen Lebensmittelsicherheitskonzepte (HACCP) erstellen. F\u00fcr Milchprodukte, die durch die Leitlinie nicht abgedeckt sind, wie z.B. Frischk\u00e4se aus Rohmilch, gilt dies allerdings nicht!<\/p>\n<p>Der Handel akzeptiert die Leitlinie als Qualit\u00e4tsmerkmal der Lieferanten von Alpk\u00e4se. Die Leitlinie ist ein Bestandteil der <strong>Qualit\u00e4tsvereinbarungen (QV)<\/strong> zwischen den Produzenten und den Abnehmern. Die kantonalen Lebensmittelkontrolleure werden die Leitlinie als Grundlage f\u00fcr die Alpk\u00e4sereikontrollen verwenden.<\/p>\n<h4><strong>Zweite Auflage<\/strong><\/h4>\n<p>Die zweite Version der Branchenleitlinie wurde vom BLV genehmigt und wird f\u00fcr die Alpsaison 2023 umgesetzt werden m\u00fcssen (kantonale Regelungen vorbehalten).<\/p>\n<p><a href=\"https:\/\/www.alpwirtschaft.ch\/wp-content\/uploads\/2023\/03\/230327_BL_wichtigste_Aenderungen-1.pdf\" target=\"_blank\" rel=\"noopener\"><strong>\u00dcbersicht \u00fcber die wichtigsten \u00c4nderungen<\/strong><\/a><\/p>\n<p>&nbsp;<\/p>\n<p>F\u00fcr weitere Informationen kontaktieren Sie die Gesch\u00e4ftsstelle.<\/p>\n\n\n<hr class=\"wp-block-separator has-alpha-channel-opacity\"\/>\n\n\n\n<h2 class=\"wp-block-heading\">Sponsoren<\/h2>\n\n\n\n<p><strong>HAUPTSPONSOREN<\/strong><\/p>\n\n\n\n<div class=\"wp-block-columns is-layout-flex wp-container-core-columns-is-layout-9d6595d7 wp-block-columns-is-layout-flex\">\n<div class=\"wp-block-column is-layout-flow wp-block-column-is-layout-flow\">\n<figure class=\"wp-block-image size-full is-resized\"><a href=\"https:\/\/www.coop.ch\/de\/\"><img loading=\"lazy\" decoding=\"async\" src=\"https:\/\/www.alpwirtschaft.ch\/wp-content\/uploads\/2023\/03\/coop-logo-5.png\" alt=\"\" class=\"wp-image-3736\" width=\"282\" height=\"96\" srcset=\"https:\/\/www.alpwirtschaft.ch\/wp-content\/uploads\/2023\/03\/coop-logo-5.png 385w, https:\/\/www.alpwirtschaft.ch\/wp-content\/uploads\/2023\/03\/coop-logo-5-300x102.png 300w\" sizes=\"auto, (max-width: 282px) 100vw, 282px\" \/><\/a><\/figure>\n<\/div>\n\n\n\n<div class=\"wp-block-column is-layout-flow wp-block-column-is-layout-flow\">\n<figure class=\"wp-block-image size-full is-resized\"><a href=\"https:\/\/homepage.braunvieh.ch\/\"><img loading=\"lazy\" decoding=\"async\" src=\"https:\/\/www.alpwirtschaft.ch\/wp-content\/uploads\/2023\/03\/Logo-reduziert-farbig-20111117-4.jpg\" alt=\"\" class=\"wp-image-3737\" width=\"281\" height=\"65\"\/><\/a><\/figure>\n<\/div>\n\n\n\n<div class=\"wp-block-column is-layout-flow wp-block-column-is-layout-flow\">\n<figure class=\"wp-block-image size-full is-resized\"><a href=\"https:\/\/www.schweizeralpkaese.ch\/ueber-uns\/\"><img loading=\"lazy\" decoding=\"async\" src=\"https:\/\/www.alpwirtschaft.ch\/wp-content\/uploads\/2015\/06\/alpkaese_4f_de_web.png\" alt=\"\" class=\"wp-image-525\" width=\"274\" height=\"137\" srcset=\"https:\/\/www.alpwirtschaft.ch\/wp-content\/uploads\/2015\/06\/alpkaese_4f_de_web.png 985w, https:\/\/www.alpwirtschaft.ch\/wp-content\/uploads\/2015\/06\/alpkaese_4f_de_web-300x150.png 300w\" sizes=\"auto, (max-width: 274px) 100vw, 274px\" \/><\/a><\/figure>\n<\/div>\n<\/div>\n\n\n\n<hr class=\"wp-block-separator has-alpha-channel-opacity\"\/>\n\n\n\n<p><strong>CO-SPONSOREN<\/strong><\/p>\n\n\n\n<div class=\"wp-block-columns is-layout-flex wp-container-core-columns-is-layout-9d6595d7 wp-block-columns-is-layout-flex\">\n<div class=\"wp-block-column is-layout-flow wp-block-column-is-layout-flow\">\n<figure class=\"wp-block-image size-full is-resized\"><a href=\"https:\/\/www.labeco.ch\/\"><img loading=\"lazy\" decoding=\"async\" src=\"https:\/\/www.alpwirtschaft.ch\/wp-content\/uploads\/2023\/03\/Labeco_farbig.png\" alt=\"\" class=\"wp-image-3738\" width=\"199\" height=\"62\" srcset=\"https:\/\/www.alpwirtschaft.ch\/wp-content\/uploads\/2023\/03\/Labeco_farbig.png 933w, https:\/\/www.alpwirtschaft.ch\/wp-content\/uploads\/2023\/03\/Labeco_farbig-300x95.png 300w, https:\/\/www.alpwirtschaft.ch\/wp-content\/uploads\/2023\/03\/Labeco_farbig-768x243.png 768w\" sizes=\"auto, (max-width: 199px) 100vw, 199px\" \/><\/a><\/figure>\n<\/div>\n\n\n\n<div class=\"wp-block-column is-layout-flow wp-block-column-is-layout-flow\">\n<figure class=\"wp-block-image size-large is-resized\"><a href=\"https:\/\/www.halagchemie.ch\/\"><img loading=\"lazy\" decoding=\"async\" src=\"https:\/\/www.alpwirtschaft.ch\/wp-content\/uploads\/2023\/03\/Halag_Logo-1024x419.png\" alt=\"\" class=\"wp-image-3739\" width=\"173\" height=\"70\" srcset=\"https:\/\/www.alpwirtschaft.ch\/wp-content\/uploads\/2023\/03\/Halag_Logo-1024x419.png 1024w, https:\/\/www.alpwirtschaft.ch\/wp-content\/uploads\/2023\/03\/Halag_Logo-300x123.png 300w, https:\/\/www.alpwirtschaft.ch\/wp-content\/uploads\/2023\/03\/Halag_Logo-768x314.png 768w, https:\/\/www.alpwirtschaft.ch\/wp-content\/uploads\/2023\/03\/Halag_Logo-1536x628.png 1536w, https:\/\/www.alpwirtschaft.ch\/wp-content\/uploads\/2023\/03\/Halag_Logo-2048x838.png 2048w\" sizes=\"auto, (max-width: 173px) 100vw, 173px\" \/><\/a><\/figure>\n<\/div>\n\n\n\n<div class=\"wp-block-column is-layout-flow wp-block-column-is-layout-flow\">\n<figure class=\"wp-block-image size-full is-resized\"><a href=\"https:\/\/www.winklerag.ch\/\"><img loading=\"lazy\" decoding=\"async\" src=\"https:\/\/www.alpwirtschaft.ch\/wp-content\/uploads\/2023\/03\/Winkler-kombiniert-seit-d-60x35-1.png\" alt=\"\" class=\"wp-image-3740\" width=\"183\" height=\"67\" srcset=\"https:\/\/www.alpwirtschaft.ch\/wp-content\/uploads\/2023\/03\/Winkler-kombiniert-seit-d-60x35-1.png 709w, https:\/\/www.alpwirtschaft.ch\/wp-content\/uploads\/2023\/03\/Winkler-kombiniert-seit-d-60x35-1-300x111.png 300w\" sizes=\"auto, (max-width: 183px) 100vw, 183px\" \/><\/a><\/figure>\n<\/div>\n<\/div>\n\n\n\n<div class=\"wp-block-columns is-layout-flex wp-container-core-columns-is-layout-9d6595d7 wp-block-columns-is-layout-flex\">\n<div class=\"wp-block-column is-layout-flow wp-block-column-is-layout-flow\">\n<figure class=\"wp-block-image size-large is-resized\"><a href=\"https:\/\/bamos.ch\/\"><img loading=\"lazy\" decoding=\"async\" src=\"https:\/\/www.alpwirtschaft.ch\/wp-content\/uploads\/2023\/03\/Logo-bamos_1200dpi-003-1024x283.jpg\" alt=\"\" class=\"wp-image-3741\" width=\"179\" height=\"49\" srcset=\"https:\/\/www.alpwirtschaft.ch\/wp-content\/uploads\/2023\/03\/Logo-bamos_1200dpi-003-1024x283.jpg 1024w, https:\/\/www.alpwirtschaft.ch\/wp-content\/uploads\/2023\/03\/Logo-bamos_1200dpi-003-300x83.jpg 300w, https:\/\/www.alpwirtschaft.ch\/wp-content\/uploads\/2023\/03\/Logo-bamos_1200dpi-003-768x212.jpg 768w, https:\/\/www.alpwirtschaft.ch\/wp-content\/uploads\/2023\/03\/Logo-bamos_1200dpi-003-1536x425.jpg 1536w, https:\/\/www.alpwirtschaft.ch\/wp-content\/uploads\/2023\/03\/Logo-bamos_1200dpi-003-2048x566.jpg 2048w\" sizes=\"auto, (max-width: 179px) 100vw, 179px\" \/><\/a><\/figure>\n<\/div>\n\n\n\n<div class=\"wp-block-column is-layout-flow wp-block-column-is-layout-flow\">\n<figure class=\"wp-block-image size-full is-resized\"><a href=\"https:\/\/www.agrisano.ch\/de\/\"><img loading=\"lazy\" decoding=\"async\" src=\"https:\/\/www.alpwirtschaft.ch\/wp-content\/uploads\/2023\/03\/Unbenannt.png\" alt=\"\" class=\"wp-image-3742\" width=\"166\" height=\"100\"\/><\/a><\/figure>\n<\/div>\n<\/div>\n\n\n\n<hr class=\"wp-block-separator has-alpha-channel-opacity\"\/>\n\n\n\n<p>Der Schweizerische Alpwirtschaftliche Verband bedankt sich bei den Hauptsponsoren, Co-Sponsoren und G\u00f6nnern f\u00fcr ihren grossz\u00fcgigen Beitrag zur Erarbeitung der SAV-Branchenleitlinie.<\/p>\n","protected":false},"excerpt":{"rendered":"<p>Leitlinie f\u00fcr die gute Verfahrenspraxis bei der Milchgewinnung und \u2013verarbeitung in S\u00f6mmerungsbetrieben Ziel und Zweck der Leitlinie Die SAV Branchenleitlinie ist eine Leitlinie im Sinne von Artikel 80 LGV. Sie ist vom Bundesamt f\u00fcr Lebensmittelsicherheit und Veterin\u00e4rwesen genehmigt und damit rechtlich verbindlich. Sie hat zum Ziel, die Lebensmittelsicherheit der Alpprodukte nach anerkannten Standards zu gew\u00e4hrleisten. [&hellip;]<\/p>\n","protected":false},"author":5,"featured_media":0,"parent":0,"menu_order":0,"comment_status":"closed","ping_status":"closed","template":"","meta":{"ngg_post_thumbnail":0,"footnotes":""},"class_list":["post-480","page","type-page","status-publish","hentry"],"_links":{"self":[{"href":"https:\/\/www.alpwirtschaft.ch\/fr\/wp-json\/wp\/v2\/pages\/480","targetHints":{"allow":["GET"]}}],"collection":[{"href":"https:\/\/www.alpwirtschaft.ch\/fr\/wp-json\/wp\/v2\/pages"}],"about":[{"href":"https:\/\/www.alpwirtschaft.ch\/fr\/wp-json\/wp\/v2\/types\/page"}],"author":[{"embeddable":true,"href":"https:\/\/www.alpwirtschaft.ch\/fr\/wp-json\/wp\/v2\/users\/5"}],"replies":[{"embeddable":true,"href":"https:\/\/www.alpwirtschaft.ch\/fr\/wp-json\/wp\/v2\/comments?post=480"}],"version-history":[{"count":29,"href":"https:\/\/www.alpwirtschaft.ch\/fr\/wp-json\/wp\/v2\/pages\/480\/revisions"}],"predecessor-version":[{"id":5087,"href":"https:\/\/www.alpwirtschaft.ch\/fr\/wp-json\/wp\/v2\/pages\/480\/revisions\/5087"}],"wp:attachment":[{"href":"https:\/\/www.alpwirtschaft.ch\/fr\/wp-json\/wp\/v2\/media?parent=480"}],"curies":[{"name":"wp","href":"https:\/\/api.w.org\/{rel}","templated":true}]}}