{"id":622,"date":"2015-06-26T13:27:00","date_gmt":"2015-06-26T13:27:00","guid":{"rendered":"http:\/\/www.alpwirtschaft.ch\/?page_id=622"},"modified":"2025-01-23T15:57:39","modified_gmt":"2025-01-23T15:57:39","slug":"honorifivation-des-alpagistes","status":"publish","type":"page","link":"https:\/\/www.alpwirtschaft.ch\/fr\/service\/honorifivation-des-alpagistes\/","title":{"rendered":"Distinctions d\u2018honneur"},"content":{"rendered":"<p>Le dur labeur de nos alpagistes m\u00e9ritent reconnaissance et respect. Sur demande de l\u2019employeur ou par l\u2019interm\u00e9diaire des sections cantonales ou r\u00e9gionales, la SSEA a le privil\u00e8ge d\u2019octroyer une distinction d\u2019honneur aux alpagistes m\u00e9ritants en t\u00e9moignage de leur fid\u00e9lit\u00e9 au service de l\u2019\u00e9conomie alpestre.<\/p>\n<p><strong>Distinctions d\u2018honneur<\/strong><\/p>\n<p><strong>Conditions<\/strong><\/p>\n<p>Pour pr\u00e9tendre \u00e0 une demande d\u2019octroi d\u2019une distinction d\u2019honneur, il faut d\u00e8s la sortie de l\u2019\u00e9cole avoir pendant au moins 10 ans exploit\u00e9 personnellement un alpage comme propri\u00e9taire, locataire, g\u00e9rant ou \u00eatre employ\u00e9 et donner enti\u00e8re satisfaction \u00e0 son patron ou avoir exerc\u00e9 une fonction au service de l\u2019\u00e9conomie alpestre comme administrateur, caissier ou autre. Il n\u2019est pas exig\u00e9 que toutes ces ann\u00e9es se soient pass\u00e9es sur le m\u00eame alpage, ni \u00e0 la suite et ni dans la m\u00eame fonction, s\u2019il y a la preuve formelle que toutes ont \u00e9t\u00e9 effectu\u00e9es au service de l\u2019\u00e9conomie alpestre.<\/p>\n<p><strong>Annonce et inscription <\/strong><\/p>\n<p>L\u2019annonce de la personne ayant droit \u00e0 une distinction d\u2019honneur doit se faire par l\u2019employeur ou par l\u2019interm\u00e9diaire d\u2019une section cantonale ou r\u00e9gionale de la SSEA, voire par les autorit\u00e9s communales, le service cantonal de l\u2019agriculture ou un conseiller agricole. Les annonces personnelles ne pourront \u00eatre prises en compte que si elles re\u00e7oivent confirmation par les autorit\u00e9s comp\u00e9tentes.<\/p>\n<p>Les documents formulaires d\u2019inscription pr\u00e9vus \u00e0 cet effet peuvent \u00eatre t\u00e9l\u00e9charg\u00e9s ici:<\/p>\n<p><a href=\"https:\/\/www.alpwirtschaft.ch\/wp-content\/uploads\/2024\/10\/Anmeldeformular-Aelplerehrung_NEU-1.pdf\" target=\"_blank\" rel=\"noopener\"><strong>Formulaire d&rsquo;inscription<\/strong><\/a><\/p>\n<p>En cas de questions, merci de vous annoncer directement chez <a href=\"https:\/\/www.alpwirtschaft.ch\/fr\/contact\/\">Stefanie Steger<\/a> du secr\u00e9tariat de la SSEA.<\/p>\n","protected":false},"excerpt":{"rendered":"<p>Le dur labeur de nos alpagistes m\u00e9ritent reconnaissance et respect. Sur demande de l\u2019employeur ou par l\u2019interm\u00e9diaire des sections cantonales ou r\u00e9gionales, la SSEA a le privil\u00e8ge d\u2019octroyer une distinction d\u2019honneur aux alpagistes m\u00e9ritants en t\u00e9moignage de leur fid\u00e9lit\u00e9 au service de l\u2019\u00e9conomie alpestre. Distinctions d\u2018honneur Conditions Pour pr\u00e9tendre \u00e0 une demande d\u2019octroi d\u2019une distinction [&hellip;]<\/p>\n","protected":false},"author":5,"featured_media":624,"parent":620,"menu_order":0,"comment_status":"open","ping_status":"open","template":"template-fullwidth.php","meta":{"ngg_post_thumbnail":0,"footnotes":""},"class_list":["post-622","page","type-page","status-publish","has-post-thumbnail","hentry"],"_links":{"self":[{"href":"https:\/\/www.alpwirtschaft.ch\/fr\/wp-json\/wp\/v2\/pages\/622","targetHints":{"allow":["GET"]}}],"collection":[{"href":"https:\/\/www.alpwirtschaft.ch\/fr\/wp-json\/wp\/v2\/pages"}],"about":[{"href":"https:\/\/www.alpwirtschaft.ch\/fr\/wp-json\/wp\/v2\/types\/page"}],"author":[{"embeddable":true,"href":"https:\/\/www.alpwirtschaft.ch\/fr\/wp-json\/wp\/v2\/users\/5"}],"replies":[{"embeddable":true,"href":"https:\/\/www.alpwirtschaft.ch\/fr\/wp-json\/wp\/v2\/comments?post=622"}],"version-history":[{"count":10,"href":"https:\/\/www.alpwirtschaft.ch\/fr\/wp-json\/wp\/v2\/pages\/622\/revisions"}],"predecessor-version":[{"id":6261,"href":"https:\/\/www.alpwirtschaft.ch\/fr\/wp-json\/wp\/v2\/pages\/622\/revisions\/6261"}],"up":[{"embeddable":true,"href":"https:\/\/www.alpwirtschaft.ch\/fr\/wp-json\/wp\/v2\/pages\/620"}],"wp:featuredmedia":[{"embeddable":true,"href":"https:\/\/www.alpwirtschaft.ch\/fr\/wp-json\/wp\/v2\/media\/624"}],"wp:attachment":[{"href":"https:\/\/www.alpwirtschaft.ch\/fr\/wp-json\/wp\/v2\/media?parent=622"}],"curies":[{"name":"wp","href":"https:\/\/api.w.org\/{rel}","templated":true}]}}