{"id":625,"date":"2015-06-26T14:04:38","date_gmt":"2015-06-26T14:04:38","guid":{"rendered":"http:\/\/www.alpwirtschaft.ch\/?page_id=625"},"modified":"2024-06-19T06:05:51","modified_gmt":"2024-06-19T06:05:51","slug":"taxations-dalpages","status":"publish","type":"page","link":"https:\/\/www.alpwirtschaft.ch\/fr\/service\/taxations-dalpages\/","title":{"rendered":"Taxations d&rsquo;alpages"},"content":{"rendered":"<p>L\u2018appr\u00e9ciation d\u2018exploitations d\u2018alpages par la SSEA a pour but de mettre en \u00e9vidence et faire conna\u00eetre des exploitations disposant d\u2018installations performantes, conduites et g\u00e9r\u00e9es de mani\u00e8re optimale et par l\u00e0 de r\u00e9compenser leurs propri\u00e9taires et exploitants pour leur engagement et leur travail assidu. Les r\u00e9sultats et commentaires positifs de ces appr\u00e9ciations devraient dans la mesure du possible faire l\u2018objet d\u2018un petit rapport illustr\u00e9 \u00e0 faire para\u00eetre dans la revue \u201eMontagna\u201c, la presse agricole voire sur le site web. Comme les exploitants de ce type d\u2018alpages ne s\u2018annoncent souvent pas eux-m\u00eames, nous enjoignons les conseillers agricoles, les experts mandat\u00e9s pour ces appr\u00e9ciations, les conseillers de fabrication, les autorit\u00e9s communales voire toute autre instance \u00e0 inciter les candidats \u00e0 s\u2018inscrire.<\/p>\n<p><strong>Conditions<\/strong><\/p>\n<p>Il s\u2019agit en principe de mettre en \u00e9vidence les prestations tendant \u00e0 une am\u00e9lioration durable d\u2019une exploitation d\u2019estivage. L\u2019exploitant devrait avoir exploit\u00e9 personnellement l\u2019alpage pendant au moins 6 ans. Sont exclus d\u2019une taxation et par l\u00e0 de l\u2019octroi d\u2019un dipl\u00f4mes, les alpages qui :<\/p>\n<ul>\n<li>ne remplissent pas les conditions de l\u2019ordonnance f\u00e9d\u00e9rale sur les paiements directs pour ce qui est de l\u2019exploitation en zone d\u2019estivage<\/li>\n<\/ul>\n<ul>\n<li>sont n\u00e9glig\u00e9es et envahies de plantes ind\u00e9sirables<\/li>\n<\/ul>\n<ul>\n<li>ne disposent pas d\u2019installations ad\u00e9quates pour la mise en valeur des engrais de ferme<\/li>\n<\/ul>\n<ul>\n<li>ne disposent pas de d\u00e9vestitures, de b\u00e2timents et d\u2019installations ad\u00e9quates<\/li>\n<li>ne respectent pas la l\u00e9gislation en vigueur (protection des animaux, denr\u00e9es alimentaire etc).<\/li>\n<\/ul>\n<p><strong>Appr\u00e9ciation<\/strong><\/p>\n<p>Les experts mandat\u00e9s jugent les alpages sur divers aspects comme notamment l\u2019entretien des acc\u00e8s, des d\u00e9vestitures, des b\u00e2timents, l\u2019approvisionnement en eau et en \u00e9nergie, les installations pour la fabrication, la qualit\u00e9 et la conduite des p\u00e2turages, la commercialisation des produits d\u2019alpages et toute prestation li\u00e9e \u00e0 l\u2019alpage. L\u2019appr\u00e9ciation se porte tant sur les prestations du propri\u00e9taire que celles d\u00e9volues au locataire. Dans le cas d\u2019un alpage lou\u00e9, il est \u00e9galement possible de ne tenir compte que de la partie qui concerne le locataire.<\/p>\n<p><strong>Inscription<\/strong><\/p>\n<p>Il vaut la peine de s\u2019inscrire. Les documents formulaires d\u2019inscription peuvent \u00eatre obtenus ici:<\/p>\n<p><a href=\"https:\/\/www.alpwirtschaft.ch\/wp-content\/uploads\/2015\/06\/Alptaxierungformular_A_F.pdf\" target=\"_blank\" rel=\"noopener noreferrer\">Formulaire inscription<\/a><\/p>\n","protected":false},"excerpt":{"rendered":"<p>L\u2018appr\u00e9ciation d\u2018exploitations d\u2018alpages par la SSEA a pour but de mettre en \u00e9vidence et faire conna\u00eetre des exploitations disposant d\u2018installations performantes, conduites et g\u00e9r\u00e9es de mani\u00e8re optimale et par l\u00e0 de r\u00e9compenser leurs propri\u00e9taires et exploitants pour leur engagement et leur travail assidu. Les r\u00e9sultats et commentaires positifs de ces appr\u00e9ciations devraient dans la mesure [&hellip;]<\/p>\n","protected":false},"author":5,"featured_media":627,"parent":620,"menu_order":0,"comment_status":"closed","ping_status":"closed","template":"template-fullwidth.php","meta":{"ngg_post_thumbnail":0,"footnotes":""},"class_list":["post-625","page","type-page","status-publish","has-post-thumbnail","hentry"],"_links":{"self":[{"href":"https:\/\/www.alpwirtschaft.ch\/fr\/wp-json\/wp\/v2\/pages\/625","targetHints":{"allow":["GET"]}}],"collection":[{"href":"https:\/\/www.alpwirtschaft.ch\/fr\/wp-json\/wp\/v2\/pages"}],"about":[{"href":"https:\/\/www.alpwirtschaft.ch\/fr\/wp-json\/wp\/v2\/types\/page"}],"author":[{"embeddable":true,"href":"https:\/\/www.alpwirtschaft.ch\/fr\/wp-json\/wp\/v2\/users\/5"}],"replies":[{"embeddable":true,"href":"https:\/\/www.alpwirtschaft.ch\/fr\/wp-json\/wp\/v2\/comments?post=625"}],"version-history":[{"count":6,"href":"https:\/\/www.alpwirtschaft.ch\/fr\/wp-json\/wp\/v2\/pages\/625\/revisions"}],"predecessor-version":[{"id":5542,"href":"https:\/\/www.alpwirtschaft.ch\/fr\/wp-json\/wp\/v2\/pages\/625\/revisions\/5542"}],"up":[{"embeddable":true,"href":"https:\/\/www.alpwirtschaft.ch\/fr\/wp-json\/wp\/v2\/pages\/620"}],"wp:featuredmedia":[{"embeddable":true,"href":"https:\/\/www.alpwirtschaft.ch\/fr\/wp-json\/wp\/v2\/media\/627"}],"wp:attachment":[{"href":"https:\/\/www.alpwirtschaft.ch\/fr\/wp-json\/wp\/v2\/media?parent=625"}],"curies":[{"name":"wp","href":"https:\/\/api.w.org\/{rel}","templated":true}]}}