{"id":670,"date":"2015-05-06T06:51:40","date_gmt":"2015-05-06T06:51:40","guid":{"rendered":"http:\/\/www.alpwirtschaft.ch\/societe\/sections-cantonales\/ar\/"},"modified":"2024-08-20T13:57:09","modified_gmt":"2024-08-20T13:57:09","slug":"ar","status":"publish","type":"page","link":"https:\/\/www.alpwirtschaft.ch\/fr\/societe\/sections-cantonales\/ar\/","title":{"rendered":"AR"},"content":{"rendered":"<p><strong>Kommission Alpwirtschaft des Bauernverbands Appenzell Ausserrhoden<br \/>\n<a href=\"http:\/\/www.appenzellerbauern.ch\">www.appenzellerbauern.ch<\/a><\/strong><\/p>\n<p>Pr\u00e9sident:<\/p>\n<p>Christian Brunner<br \/>\n<a href=\"mailto:ch.brunner76@bluewin.ch\"><strong>E-mail<\/strong><\/a><\/p>\n<p>Secr\u00e9tariat:<\/p>\n<p>Priska Frischknecht<br \/>\n<a href=\"mailto:sekretariat@appenzellerbauern.ch\"><strong>E-mail<\/strong><\/a><br \/>\n071 350 03 91<\/p>\n<p>Vous trouverez d&rsquo;autres points de contact (vulgarisation en \u00e9conomie alpestre des cantons, conseil en fromagerie d&rsquo;alpage, etc.) sur <a href=\"https:\/\/themes.agripedia.ch\/fr\/economie-alpestre-contacts\/\" target=\"_blank\" rel=\"noopener\"><strong>le portail d&rsquo;informations sur l&rsquo;\u00e9conomie alpestre<\/strong><\/a>.<\/p>\n","protected":false},"excerpt":{"rendered":"<p>Kommission Alpwirtschaft des Bauernverbands Appenzell Ausserrhoden www.appenzellerbauern.ch Pr\u00e9sident: Christian Brunner E-mail Secr\u00e9tariat: Priska Frischknecht E-mail 071 350 03 91 Vous trouverez d&rsquo;autres points de contact (vulgarisation en \u00e9conomie alpestre des cantons, conseil en fromagerie d&rsquo;alpage, etc.) sur le portail d&rsquo;informations sur l&rsquo;\u00e9conomie alpestre.<\/p>\n","protected":false},"author":2,"featured_media":0,"parent":664,"menu_order":0,"comment_status":"closed","ping_status":"closed","template":"template-fullwidth.php","meta":{"ngg_post_thumbnail":0,"footnotes":""},"class_list":["post-670","page","type-page","status-publish","hentry"],"_links":{"self":[{"href":"https:\/\/www.alpwirtschaft.ch\/fr\/wp-json\/wp\/v2\/pages\/670","targetHints":{"allow":["GET"]}}],"collection":[{"href":"https:\/\/www.alpwirtschaft.ch\/fr\/wp-json\/wp\/v2\/pages"}],"about":[{"href":"https:\/\/www.alpwirtschaft.ch\/fr\/wp-json\/wp\/v2\/types\/page"}],"author":[{"embeddable":true,"href":"https:\/\/www.alpwirtschaft.ch\/fr\/wp-json\/wp\/v2\/users\/2"}],"replies":[{"embeddable":true,"href":"https:\/\/www.alpwirtschaft.ch\/fr\/wp-json\/wp\/v2\/comments?post=670"}],"version-history":[{"count":11,"href":"https:\/\/www.alpwirtschaft.ch\/fr\/wp-json\/wp\/v2\/pages\/670\/revisions"}],"predecessor-version":[{"id":5767,"href":"https:\/\/www.alpwirtschaft.ch\/fr\/wp-json\/wp\/v2\/pages\/670\/revisions\/5767"}],"up":[{"embeddable":true,"href":"https:\/\/www.alpwirtschaft.ch\/fr\/wp-json\/wp\/v2\/pages\/664"}],"wp:attachment":[{"href":"https:\/\/www.alpwirtschaft.ch\/fr\/wp-json\/wp\/v2\/media?parent=670"}],"curies":[{"name":"wp","href":"https:\/\/api.w.org\/{rel}","templated":true}]}}