{"id":675,"date":"2015-06-29T13:26:43","date_gmt":"2015-06-29T13:26:43","guid":{"rendered":"http:\/\/www.alpwirtschaft.ch\/?page_id=675"},"modified":"2025-05-20T14:55:34","modified_gmt":"2025-05-20T14:55:34","slug":"be","status":"publish","type":"page","link":"https:\/\/www.alpwirtschaft.ch\/fr\/societe\/sections-cantonales\/be\/","title":{"rendered":"BE"},"content":{"rendered":"<p><strong>Chambre d\u2019agriculture du Jura bernois CAJB<br \/>\n<a href=\"https:\/\/www.cajb.ch\/\" target=\"_blank\" rel=\"noopener\">https:\/\/www.cajb.ch\/<\/a><\/strong><\/p>\n<p>Pr\u00e9sident:<\/p>\n<p>Martin Kohli<\/p>\n<p>Secr\u00e9tariat:<\/p>\n<p>Daniela Allemann-Gerber<br \/>\n<a href=\"mailto:info@cajb.ch\"><strong>E-mail<\/strong><\/a><br \/>\n032 481 51 10<\/p>\n<p><strong>Verein Alpwirtschaft Bern<br \/>\n&nbsp;<a href=\"http:\/\/www.berneralpwirtschaft.ch\" target=\"_blank\" rel=\"noopener\">www.berneralpwirtschaft.ch<\/a><\/strong><\/p>\n<p>Pr\u00e9sident:<\/p>\n<p>Hans Kohler<br \/>\n<a href=\"mailto:kohler.geissholz@bluewin.ch\"><strong>E-mail<\/strong><\/a><br \/>\n079 210 71 87<\/p>\n<p>Secr\u00e9tariat:<\/p>\n<p>Vreni Zurbr\u00fcgg<br \/>\n<a href=\"mailto:info@berneralpwirtschaft.ch\"><strong>E-mail<\/strong><\/a><br \/>\n079 568 80 30<\/p>\n<p>&nbsp;<\/p>\n<p>Vous trouverez d&rsquo;autres points de contact (vulgarisation en \u00e9conomie alpestre des cantons, conseil en fromagerie d&rsquo;alpage, etc.) sur <a href=\"https:\/\/themes.agripedia.ch\/fr\/economie-alpestre-contacts\/\" target=\"_blank\" rel=\"noopener\"><strong>le portail d&rsquo;informations sur l&rsquo;\u00e9conomie alpestre<\/strong><\/a>.<\/p>\n","protected":false},"excerpt":{"rendered":"<p>Chambre d\u2019agriculture du Jura bernois CAJB https:\/\/www.cajb.ch\/ Pr\u00e9sident: Martin Kohli Secr\u00e9tariat: Daniela Allemann-Gerber E-mail 032 481 51 10 Verein Alpwirtschaft Bern &nbsp;www.berneralpwirtschaft.ch Pr\u00e9sident: Hans Kohler E-mail 079 210 71 87 Secr\u00e9tariat: Vreni Zurbr\u00fcgg E-mail 079 568 80 30 &nbsp; Vous trouverez d&rsquo;autres points de contact (vulgarisation en \u00e9conomie alpestre des cantons, conseil en fromagerie d&rsquo;alpage, [&hellip;]<\/p>\n","protected":false},"author":5,"featured_media":0,"parent":664,"menu_order":3,"comment_status":"closed","ping_status":"closed","template":"template-fullwidth.php","meta":{"ngg_post_thumbnail":0,"footnotes":""},"class_list":["post-675","page","type-page","status-publish","hentry"],"_links":{"self":[{"href":"https:\/\/www.alpwirtschaft.ch\/fr\/wp-json\/wp\/v2\/pages\/675","targetHints":{"allow":["GET"]}}],"collection":[{"href":"https:\/\/www.alpwirtschaft.ch\/fr\/wp-json\/wp\/v2\/pages"}],"about":[{"href":"https:\/\/www.alpwirtschaft.ch\/fr\/wp-json\/wp\/v2\/types\/page"}],"author":[{"embeddable":true,"href":"https:\/\/www.alpwirtschaft.ch\/fr\/wp-json\/wp\/v2\/users\/5"}],"replies":[{"embeddable":true,"href":"https:\/\/www.alpwirtschaft.ch\/fr\/wp-json\/wp\/v2\/comments?post=675"}],"version-history":[{"count":15,"href":"https:\/\/www.alpwirtschaft.ch\/fr\/wp-json\/wp\/v2\/pages\/675\/revisions"}],"predecessor-version":[{"id":6676,"href":"https:\/\/www.alpwirtschaft.ch\/fr\/wp-json\/wp\/v2\/pages\/675\/revisions\/6676"}],"up":[{"embeddable":true,"href":"https:\/\/www.alpwirtschaft.ch\/fr\/wp-json\/wp\/v2\/pages\/664"}],"wp:attachment":[{"href":"https:\/\/www.alpwirtschaft.ch\/fr\/wp-json\/wp\/v2\/media?parent=675"}],"curies":[{"name":"wp","href":"https:\/\/api.w.org\/{rel}","templated":true}]}}