{"id":681,"date":"2015-06-29T13:44:39","date_gmt":"2015-06-29T13:44:39","guid":{"rendered":"http:\/\/www.alpwirtschaft.ch\/?page_id=681"},"modified":"2024-08-20T13:57:52","modified_gmt":"2024-08-20T13:57:52","slug":"gr","status":"publish","type":"page","link":"https:\/\/www.alpwirtschaft.ch\/fr\/societe\/sections-cantonales\/gr\/","title":{"rendered":"GR"},"content":{"rendered":"<p><strong>Fachkommission Alp- und Milchwirtschaft des B\u00fcndner Bauernverbands<br \/>\n<a href=\"https:\/\/www.landwirtschaft-gr.ch\/de\" target=\"_blank\" rel=\"noopener\">https:\/\/www.landwirtschaft-gr.ch\/de<\/a><\/strong><\/p>\n<p><strong><br \/>\n<\/strong>Pr\u00e9sident:<\/p>\n<p>Cyril Graf<br \/>\n<a href=\"mailto:graf.cyril@bluewin.ch\"><strong>E-mail<\/strong><\/a><\/p>\n<p>Secr\u00e9tariat:<\/p>\n<p>Sandro Michael<br \/>\n<a href=\"mailto:s.michael@bbv-gr.ch\"><strong>E-mail<\/strong><\/a><br \/>\n081 254 20 01<\/p>\n<p>Vous trouverez d&rsquo;autres points de contact (vulgarisation en \u00e9conomie alpestre des cantons, conseil en fromagerie d&rsquo;alpage, etc.) sur <a href=\"https:\/\/themes.agripedia.ch\/fr\/economie-alpestre-contacts\/\" target=\"_blank\" rel=\"noopener\"><strong>le portail d&rsquo;informations sur l&rsquo;\u00e9conomie alpestre<\/strong><\/a>.<\/p>\n","protected":false},"excerpt":{"rendered":"<p>Fachkommission Alp- und Milchwirtschaft des B\u00fcndner Bauernverbands https:\/\/www.landwirtschaft-gr.ch\/de Pr\u00e9sident: Cyril Graf E-mail Secr\u00e9tariat: Sandro Michael E-mail 081 254 20 01 Vous trouverez d&rsquo;autres points de contact (vulgarisation en \u00e9conomie alpestre des cantons, conseil en fromagerie d&rsquo;alpage, etc.) sur le portail d&rsquo;informations sur l&rsquo;\u00e9conomie alpestre.<\/p>\n","protected":false},"author":5,"featured_media":0,"parent":664,"menu_order":0,"comment_status":"closed","ping_status":"closed","template":"template-fullwidth.php","meta":{"ngg_post_thumbnail":0,"footnotes":""},"class_list":["post-681","page","type-page","status-publish","hentry"],"_links":{"self":[{"href":"https:\/\/www.alpwirtschaft.ch\/fr\/wp-json\/wp\/v2\/pages\/681","targetHints":{"allow":["GET"]}}],"collection":[{"href":"https:\/\/www.alpwirtschaft.ch\/fr\/wp-json\/wp\/v2\/pages"}],"about":[{"href":"https:\/\/www.alpwirtschaft.ch\/fr\/wp-json\/wp\/v2\/types\/page"}],"author":[{"embeddable":true,"href":"https:\/\/www.alpwirtschaft.ch\/fr\/wp-json\/wp\/v2\/users\/5"}],"replies":[{"embeddable":true,"href":"https:\/\/www.alpwirtschaft.ch\/fr\/wp-json\/wp\/v2\/comments?post=681"}],"version-history":[{"count":9,"href":"https:\/\/www.alpwirtschaft.ch\/fr\/wp-json\/wp\/v2\/pages\/681\/revisions"}],"predecessor-version":[{"id":5777,"href":"https:\/\/www.alpwirtschaft.ch\/fr\/wp-json\/wp\/v2\/pages\/681\/revisions\/5777"}],"up":[{"embeddable":true,"href":"https:\/\/www.alpwirtschaft.ch\/fr\/wp-json\/wp\/v2\/pages\/664"}],"wp:attachment":[{"href":"https:\/\/www.alpwirtschaft.ch\/fr\/wp-json\/wp\/v2\/media?parent=681"}],"curies":[{"name":"wp","href":"https:\/\/api.w.org\/{rel}","templated":true}]}}