{"id":684,"date":"2015-06-29T13:45:19","date_gmt":"2015-06-29T13:45:19","guid":{"rendered":"http:\/\/www.alpwirtschaft.ch\/?page_id=684"},"modified":"2024-08-20T14:02:13","modified_gmt":"2024-08-20T14:02:13","slug":"ju","status":"publish","type":"page","link":"https:\/\/www.alpwirtschaft.ch\/fr\/societe\/sections-cantonales\/ju\/","title":{"rendered":"JU"},"content":{"rendered":"<p><b>Agrijura &#8211; chambre d&rsquo;agriculture<\/b><br \/>\n<strong><a href=\"https:\/\/www.agrijura.ch\/\" target=\"_blank\" rel=\"noopener\">https:\/\/www.agrijura.ch\/<\/a><\/strong><\/p>\n<p>Pr\u00e9sident:<\/p>\n<p>Nicolas Papes<br \/>\n<a href=\"mailto:nicolaspape1974@gmail.com\"><strong>E-mail<\/strong><\/a><\/p>\n<p>Secr\u00e9tariat:<\/p>\n<p>Fran\u00e7ois Monin<br \/>\n<a href=\"mailto:info@agrijura.ch\"><strong>E-mail<\/strong><\/a><br \/>\n032 426 53 54<\/p>\n<p>Vous trouverez d&rsquo;autres points de contact (vulgarisation en \u00e9conomie alpestre des cantons, conseil en fromagerie d&rsquo;alpage, etc.) sur <a href=\"https:\/\/themes.agripedia.ch\/fr\/economie-alpestre-contacts\/\" target=\"_blank\" rel=\"noopener\"><strong>le portail d&rsquo;informations sur l&rsquo;\u00e9conomie alpestre<\/strong><\/a>.<\/p>\n","protected":false},"excerpt":{"rendered":"<p>Agrijura &#8211; chambre d&rsquo;agriculture https:\/\/www.agrijura.ch\/ Pr\u00e9sident: Nicolas Papes E-mail Secr\u00e9tariat: Fran\u00e7ois Monin E-mail 032 426 53 54 Vous trouverez d&rsquo;autres points de contact (vulgarisation en \u00e9conomie alpestre des cantons, conseil en fromagerie d&rsquo;alpage, etc.) sur le portail d&rsquo;informations sur l&rsquo;\u00e9conomie alpestre.<\/p>\n","protected":false},"author":5,"featured_media":0,"parent":664,"menu_order":0,"comment_status":"closed","ping_status":"closed","template":"template-fullwidth.php","meta":{"ngg_post_thumbnail":0,"footnotes":""},"class_list":["post-684","page","type-page","status-publish","hentry"],"_links":{"self":[{"href":"https:\/\/www.alpwirtschaft.ch\/fr\/wp-json\/wp\/v2\/pages\/684","targetHints":{"allow":["GET"]}}],"collection":[{"href":"https:\/\/www.alpwirtschaft.ch\/fr\/wp-json\/wp\/v2\/pages"}],"about":[{"href":"https:\/\/www.alpwirtschaft.ch\/fr\/wp-json\/wp\/v2\/types\/page"}],"author":[{"embeddable":true,"href":"https:\/\/www.alpwirtschaft.ch\/fr\/wp-json\/wp\/v2\/users\/5"}],"replies":[{"embeddable":true,"href":"https:\/\/www.alpwirtschaft.ch\/fr\/wp-json\/wp\/v2\/comments?post=684"}],"version-history":[{"count":5,"href":"https:\/\/www.alpwirtschaft.ch\/fr\/wp-json\/wp\/v2\/pages\/684\/revisions"}],"predecessor-version":[{"id":5779,"href":"https:\/\/www.alpwirtschaft.ch\/fr\/wp-json\/wp\/v2\/pages\/684\/revisions\/5779"}],"up":[{"embeddable":true,"href":"https:\/\/www.alpwirtschaft.ch\/fr\/wp-json\/wp\/v2\/pages\/664"}],"wp:attachment":[{"href":"https:\/\/www.alpwirtschaft.ch\/fr\/wp-json\/wp\/v2\/media?parent=684"}],"curies":[{"name":"wp","href":"https:\/\/api.w.org\/{rel}","templated":true}]}}