{"id":6905,"date":"2025-07-28T12:42:24","date_gmt":"2025-07-28T12:42:24","guid":{"rendered":"https:\/\/www.alpwirtschaft.ch\/?page_id=6905"},"modified":"2025-07-28T14:39:45","modified_gmt":"2025-07-28T14:39:45","slug":"sponsoring","status":"publish","type":"page","link":"https:\/\/www.alpwirtschaft.ch\/sponsoring\/","title":{"rendered":"Sponsoring"},"content":{"rendered":"\n<p>M\u00f6chten Sie die Sichtbarkeit Ihres Unternehmens in der Alpwirtschaft erh\u00f6hen und gleichzeitig die Schweizer Alpwirtschaft unterst\u00fctzen? wir k\u00f6nnen Ihnen verschiedene Varianten des Sponsorings anbieten: Inserate im Jahresbericht oder im Newsletter, Sponsoring der Hauptversammlung oder Unterst\u00fctzung von Beratungsprojekten. Bei Interesse kontaktieren Sie bitte die Gesch\u00e4ftsstelle. Wir freuen uns auf Ihre Anfrage!<\/p>\n\n\n\n<p><strong><a href=\"https:\/\/www.alpwirtschaft.ch\/kontakt\/\" target=\"_blank\" rel=\"noreferrer noopener\">Kontakt<\/a><\/strong><\/p>\n","protected":false},"excerpt":{"rendered":"<p>M\u00f6chten Sie die Sichtbarkeit Ihres Unternehmens in der Alpwirtschaft erh\u00f6hen und gleichzeitig die Schweizer Alpwirtschaft unterst\u00fctzen? wir k\u00f6nnen Ihnen verschiedene Varianten des Sponsorings anbieten: Inserate im Jahresbericht oder im Newsletter, Sponsoring der Hauptversammlung oder Unterst\u00fctzung von Beratungsprojekten. Bei Interesse kontaktieren Sie bitte die Gesch\u00e4ftsstelle. Wir freuen uns auf Ihre Anfrage! Kontakt<\/p>\n","protected":false},"author":5,"featured_media":0,"parent":0,"menu_order":0,"comment_status":"closed","ping_status":"closed","template":"","meta":{"ngg_post_thumbnail":0,"footnotes":""},"class_list":["post-6905","page","type-page","status-publish","hentry"],"_links":{"self":[{"href":"https:\/\/www.alpwirtschaft.ch\/fr\/wp-json\/wp\/v2\/pages\/6905","targetHints":{"allow":["GET"]}}],"collection":[{"href":"https:\/\/www.alpwirtschaft.ch\/fr\/wp-json\/wp\/v2\/pages"}],"about":[{"href":"https:\/\/www.alpwirtschaft.ch\/fr\/wp-json\/wp\/v2\/types\/page"}],"author":[{"embeddable":true,"href":"https:\/\/www.alpwirtschaft.ch\/fr\/wp-json\/wp\/v2\/users\/5"}],"replies":[{"embeddable":true,"href":"https:\/\/www.alpwirtschaft.ch\/fr\/wp-json\/wp\/v2\/comments?post=6905"}],"version-history":[{"count":5,"href":"https:\/\/www.alpwirtschaft.ch\/fr\/wp-json\/wp\/v2\/pages\/6905\/revisions"}],"predecessor-version":[{"id":6933,"href":"https:\/\/www.alpwirtschaft.ch\/fr\/wp-json\/wp\/v2\/pages\/6905\/revisions\/6933"}],"wp:attachment":[{"href":"https:\/\/www.alpwirtschaft.ch\/fr\/wp-json\/wp\/v2\/media?parent=6905"}],"curies":[{"name":"wp","href":"https:\/\/api.w.org\/{rel}","templated":true}]}}