{"id":692,"date":"2015-06-29T13:48:33","date_gmt":"2015-06-29T13:48:33","guid":{"rendered":"http:\/\/www.alpwirtschaft.ch\/?page_id=692"},"modified":"2026-02-24T11:58:51","modified_gmt":"2026-02-24T11:58:51","slug":"sg","status":"publish","type":"page","link":"https:\/\/www.alpwirtschaft.ch\/fr\/societe\/sections-cantonales\/sg\/","title":{"rendered":"SG"},"content":{"rendered":"<p><strong>Alpwirtschaftskommission des St. Gallischer Bauernverbandes<br \/>\n<a href=\"https:\/\/www.bauern-sg.ch\/\" target=\"_blank\" rel=\"noopener\">https:\/\/www.bauern-sg.ch\/<\/a><\/strong><\/p>\n<p>Pr\u00e9sident:<\/p>\n<p>Fredi Louis<br \/>\n<a href=\"mailto:fredi_louis@gx.ch\"><strong>E-mail<\/strong><\/a><\/p>\n<p>Secr\u00e9tariat:<\/p>\n<p>Anna-Marie Schlumpf<br \/>\n<a href=\"mailto:info@bauern-sg.ch\"><strong>E-mail<\/strong><\/a><br \/>\n071 394 60 10<\/p>\n<p><strong>Sections regionales de l&rsquo;\u00e9conomie alpestre<\/strong><\/p>\n<p>Alpsektion Sarganserland-Linthgebiet:<\/p>\n<p>Emil Tschirky<br \/>\n<a href=\"mailto:emil.tschirky@gmail.com\"><strong>E-mail<\/strong><\/a><br \/>\n077 422 36 66<\/p>\n<p>Alpsektion Werdenberg-Rheintal:<\/p>\n<p>Hanspeter Gantenbein<br \/>\n<a href=\"mailto:amatnaennhampi@bluemail.ch\"><strong>E-mail<\/strong><\/a><br \/>\n081 771 39 02<\/p>\n<p>Alpwirtschaftlicher Verein Toggenburg:<\/p>\n<p>Thomas Bohl<br \/>\n<a href=\"mailto:sitho.bohl@bluewin.ch\"><strong>E-mail<\/strong><\/a><\/p>\n<p>Vous trouverez d&rsquo;autres points de contact (vulgarisation en \u00e9conomie alpestre des cantons, conseil en fromagerie d&rsquo;alpage, etc.) sur <a href=\"https:\/\/themes.agripedia.ch\/fr\/economie-alpestre-contacts\/\" target=\"_blank\" rel=\"noopener\"><strong>le portail d&rsquo;informations sur l&rsquo;\u00e9conomie alpestre<\/strong><\/a>.<\/p>\n","protected":false},"excerpt":{"rendered":"<p>Alpwirtschaftskommission des St. Gallischer Bauernverbandes https:\/\/www.bauern-sg.ch\/ Pr\u00e9sident: Fredi Louis E-mail Secr\u00e9tariat: Anna-Marie Schlumpf E-mail 071 394 60 10 Sections regionales de l&rsquo;\u00e9conomie alpestre Alpsektion Sarganserland-Linthgebiet: Emil Tschirky E-mail 077 422 36 66 Alpsektion Werdenberg-Rheintal: Hanspeter Gantenbein E-mail 081 771 39 02 Alpwirtschaftlicher Verein Toggenburg: Thomas Bohl E-mail Vous trouverez d&rsquo;autres points de contact (vulgarisation en [&hellip;]<\/p>\n","protected":false},"author":5,"featured_media":0,"parent":664,"menu_order":0,"comment_status":"closed","ping_status":"closed","template":"template-fullwidth.php","meta":{"ngg_post_thumbnail":0,"footnotes":""},"class_list":["post-692","page","type-page","status-publish","hentry"],"_links":{"self":[{"href":"https:\/\/www.alpwirtschaft.ch\/fr\/wp-json\/wp\/v2\/pages\/692","targetHints":{"allow":["GET"]}}],"collection":[{"href":"https:\/\/www.alpwirtschaft.ch\/fr\/wp-json\/wp\/v2\/pages"}],"about":[{"href":"https:\/\/www.alpwirtschaft.ch\/fr\/wp-json\/wp\/v2\/types\/page"}],"author":[{"embeddable":true,"href":"https:\/\/www.alpwirtschaft.ch\/fr\/wp-json\/wp\/v2\/users\/5"}],"replies":[{"embeddable":true,"href":"https:\/\/www.alpwirtschaft.ch\/fr\/wp-json\/wp\/v2\/comments?post=692"}],"version-history":[{"count":9,"href":"https:\/\/www.alpwirtschaft.ch\/fr\/wp-json\/wp\/v2\/pages\/692\/revisions"}],"predecessor-version":[{"id":8175,"href":"https:\/\/www.alpwirtschaft.ch\/fr\/wp-json\/wp\/v2\/pages\/692\/revisions\/8175"}],"up":[{"embeddable":true,"href":"https:\/\/www.alpwirtschaft.ch\/fr\/wp-json\/wp\/v2\/pages\/664"}],"wp:attachment":[{"href":"https:\/\/www.alpwirtschaft.ch\/fr\/wp-json\/wp\/v2\/media?parent=692"}],"curies":[{"name":"wp","href":"https:\/\/api.w.org\/{rel}","templated":true}]}}