{"id":698,"date":"2015-06-29T13:51:05","date_gmt":"2015-06-29T13:51:05","guid":{"rendered":"http:\/\/www.alpwirtschaft.ch\/?page_id=698"},"modified":"2025-05-20T14:54:26","modified_gmt":"2025-05-20T14:54:26","slug":"ur","status":"publish","type":"page","link":"https:\/\/www.alpwirtschaft.ch\/fr\/societe\/sections-cantonales\/ur\/","title":{"rendered":"UR"},"content":{"rendered":"<p><strong>Alpwirtschaftskommission des Bauernverbands Uri<br \/>\n<a href=\"https:\/\/www.nbv-obv-ubv.ch\/\" target=\"_blank\" rel=\"noopener\">https:\/\/www.nbv-obv-ubv.ch\/<\/a><\/strong><\/p>\n<p>Pr\u00e9sident:<\/p>\n<p>Remo Aschwanden<br \/>\n<a href=\"mailto:remoaschwanden@gmail.com\"><strong>E-mail<br \/>\n<\/strong><\/a>079 716 13 73<a href=\"mailto:remoaschwanden@gmail.com\"><strong><br \/>\n<\/strong><\/a><\/p>\n<p>Secr\u00e9tariat:<\/p>\n<p>Linus Ettlin<br \/>\n<a href=\"mailto:linus.ettlin@agro-kmu.ch\"><strong>E-mail<\/strong><\/a><br \/>\n041 624 48 48<\/p>\n<p>Vous trouverez d&rsquo;autres points de contact (vulgarisation en \u00e9conomie alpestre des cantons, conseil en fromagerie d&rsquo;alpage, etc.) sur <a href=\"https:\/\/themes.agripedia.ch\/fr\/economie-alpestre-contacts\/\" target=\"_blank\" rel=\"noopener\"><strong>le portail d&rsquo;informations sur l&rsquo;\u00e9conomie alpestre<\/strong><\/a>.<\/p>\n","protected":false},"excerpt":{"rendered":"<p>Alpwirtschaftskommission des Bauernverbands Uri https:\/\/www.nbv-obv-ubv.ch\/ Pr\u00e9sident: Remo Aschwanden E-mail 079 716 13 73 Secr\u00e9tariat: Linus Ettlin E-mail 041 624 48 48 Vous trouverez d&rsquo;autres points de contact (vulgarisation en \u00e9conomie alpestre des cantons, conseil en fromagerie d&rsquo;alpage, etc.) sur le portail d&rsquo;informations sur l&rsquo;\u00e9conomie alpestre.<\/p>\n","protected":false},"author":5,"featured_media":0,"parent":664,"menu_order":0,"comment_status":"closed","ping_status":"closed","template":"template-fullwidth.php","meta":{"ngg_post_thumbnail":0,"footnotes":""},"class_list":["post-698","page","type-page","status-publish","hentry"],"_links":{"self":[{"href":"https:\/\/www.alpwirtschaft.ch\/fr\/wp-json\/wp\/v2\/pages\/698","targetHints":{"allow":["GET"]}}],"collection":[{"href":"https:\/\/www.alpwirtschaft.ch\/fr\/wp-json\/wp\/v2\/pages"}],"about":[{"href":"https:\/\/www.alpwirtschaft.ch\/fr\/wp-json\/wp\/v2\/types\/page"}],"author":[{"embeddable":true,"href":"https:\/\/www.alpwirtschaft.ch\/fr\/wp-json\/wp\/v2\/users\/5"}],"replies":[{"embeddable":true,"href":"https:\/\/www.alpwirtschaft.ch\/fr\/wp-json\/wp\/v2\/comments?post=698"}],"version-history":[{"count":9,"href":"https:\/\/www.alpwirtschaft.ch\/fr\/wp-json\/wp\/v2\/pages\/698\/revisions"}],"predecessor-version":[{"id":6675,"href":"https:\/\/www.alpwirtschaft.ch\/fr\/wp-json\/wp\/v2\/pages\/698\/revisions\/6675"}],"up":[{"embeddable":true,"href":"https:\/\/www.alpwirtschaft.ch\/fr\/wp-json\/wp\/v2\/pages\/664"}],"wp:attachment":[{"href":"https:\/\/www.alpwirtschaft.ch\/fr\/wp-json\/wp\/v2\/media?parent=698"}],"curies":[{"name":"wp","href":"https:\/\/api.w.org\/{rel}","templated":true}]}}