{"id":700,"date":"2015-06-29T13:51:55","date_gmt":"2015-06-29T13:51:55","guid":{"rendered":"http:\/\/www.alpwirtschaft.ch\/?page_id=700"},"modified":"2024-08-20T14:42:45","modified_gmt":"2024-08-20T14:42:45","slug":"vd","status":"publish","type":"page","link":"https:\/\/www.alpwirtschaft.ch\/fr\/societe\/sections-cantonales\/vd\/","title":{"rendered":"VD"},"content":{"rendered":"<p><strong>Soci\u00e9t\u00e9 vaudoise d\u2019economie alpestre (SVEA)<br \/>\n<a href=\"https:\/\/www.svea-vd.ch\/\" target=\"_blank\" rel=\"noopener\">https:\/\/www.svea-vd.ch\/<\/a><\/strong><\/p>\n<p>Pr\u00e9sident:<\/p>\n<p>Pierre-Fran\u00e7ois Mottier<br \/>\n<a href=\"mailto:pfmottier@bluewin.ch\"><strong>E-mail<\/strong><\/a><br \/>\n079&nbsp;658 51 02<\/p>\n<p>Secr\u00e9tariat:<\/p>\n<p>Eric Mosimann<br \/>\n<a href=\"mailto:svea@montanum.ch\"><strong>E-mail<\/strong><\/a><br \/>\n079 292 76 93<\/p>\n<p>Vous trouverez d&rsquo;autres points de contact (vulgarisation en \u00e9conomie alpestre des cantons, conseil en fromagerie d&rsquo;alpage, etc.) sur <a href=\"https:\/\/themes.agripedia.ch\/fr\/economie-alpestre-contacts\/\" target=\"_blank\" rel=\"noopener\"><strong>le portail d&rsquo;informations sur l&rsquo;\u00e9conomie alpestre<\/strong><\/a>.<\/p>\n","protected":false},"excerpt":{"rendered":"<p>Soci\u00e9t\u00e9 vaudoise d\u2019economie alpestre (SVEA) https:\/\/www.svea-vd.ch\/ Pr\u00e9sident: Pierre-Fran\u00e7ois Mottier E-mail 079&nbsp;658 51 02 Secr\u00e9tariat: Eric Mosimann E-mail 079 292 76 93 Vous trouverez d&rsquo;autres points de contact (vulgarisation en \u00e9conomie alpestre des cantons, conseil en fromagerie d&rsquo;alpage, etc.) sur le portail d&rsquo;informations sur l&rsquo;\u00e9conomie alpestre.<\/p>\n","protected":false},"author":5,"featured_media":0,"parent":664,"menu_order":0,"comment_status":"closed","ping_status":"closed","template":"template-fullwidth.php","meta":{"ngg_post_thumbnail":0,"footnotes":""},"class_list":["post-700","page","type-page","status-publish","hentry"],"_links":{"self":[{"href":"https:\/\/www.alpwirtschaft.ch\/fr\/wp-json\/wp\/v2\/pages\/700","targetHints":{"allow":["GET"]}}],"collection":[{"href":"https:\/\/www.alpwirtschaft.ch\/fr\/wp-json\/wp\/v2\/pages"}],"about":[{"href":"https:\/\/www.alpwirtschaft.ch\/fr\/wp-json\/wp\/v2\/types\/page"}],"author":[{"embeddable":true,"href":"https:\/\/www.alpwirtschaft.ch\/fr\/wp-json\/wp\/v2\/users\/5"}],"replies":[{"embeddable":true,"href":"https:\/\/www.alpwirtschaft.ch\/fr\/wp-json\/wp\/v2\/comments?post=700"}],"version-history":[{"count":8,"href":"https:\/\/www.alpwirtschaft.ch\/fr\/wp-json\/wp\/v2\/pages\/700\/revisions"}],"predecessor-version":[{"id":5796,"href":"https:\/\/www.alpwirtschaft.ch\/fr\/wp-json\/wp\/v2\/pages\/700\/revisions\/5796"}],"up":[{"embeddable":true,"href":"https:\/\/www.alpwirtschaft.ch\/fr\/wp-json\/wp\/v2\/pages\/664"}],"wp:attachment":[{"href":"https:\/\/www.alpwirtschaft.ch\/fr\/wp-json\/wp\/v2\/media?parent=700"}],"curies":[{"name":"wp","href":"https:\/\/api.w.org\/{rel}","templated":true}]}}