{"id":702,"date":"2015-06-29T13:52:43","date_gmt":"2015-06-29T13:52:43","guid":{"rendered":"http:\/\/www.alpwirtschaft.ch\/?page_id=702"},"modified":"2024-08-20T14:50:15","modified_gmt":"2024-08-20T14:50:15","slug":"vs","status":"publish","type":"page","link":"https:\/\/www.alpwirtschaft.ch\/fr\/societe\/sections-cantonales\/vs\/","title":{"rendered":"VS"},"content":{"rendered":"<p><strong>Soci\u00e9t\u00e9 d\u2019\u00e9conomie alpestre du Valais romand<\/strong><br \/>\nPr\u00e9sident:<\/p>\n<p>Charles-Andr\u00e9 Mudry<br \/>\n<a href=\"mailto:mondraleche@bluewin.ch\"><strong>E-mail<\/strong><\/a><\/p>\n<p>Secr\u00e9tariat:<\/p>\n<p>Claudine Gabioud<br \/>\n<a href=\"mailto:cl.gabioud@bluewin.ch\"><strong>E-mail<\/strong><\/a><br \/>\n027 483 13 34<\/p>\n<p><strong>Alpkommission der Bauernvereinigung Oberwallis<br \/>\n<a href=\"https:\/\/oberwalliser-bauern.ch\/\" target=\"_blank\" rel=\"noopener\">https:\/\/oberwalliser-bauern.ch\/<\/a><\/strong><\/p>\n<p>Pr\u00e9sident:<\/p>\n<p>Etienne B\u00fcrcher<\/p>\n<p>Secr\u00e9tariat:<\/p>\n<p>Thomas Lochmatter<br \/>\n<a href=\"mailto:verein@oberwalliser-bauern.ch\"><strong>E-mail<\/strong><\/a><br \/>\n027 945 15 71<\/p>\n<p>Vous trouverez d&rsquo;autres points de contact (vulgarisation en \u00e9conomie alpestre des cantons, conseil en fromagerie d&rsquo;alpage, etc.) sur <a href=\"https:\/\/themes.agripedia.ch\/fr\/economie-alpestre-contacts\/\" target=\"_blank\" rel=\"noopener\"><strong>le portail d&rsquo;informations sur l&rsquo;\u00e9conomie alpestre<\/strong><\/a>.<\/p>\n","protected":false},"excerpt":{"rendered":"<p>Soci\u00e9t\u00e9 d\u2019\u00e9conomie alpestre du Valais romand Pr\u00e9sident: Charles-Andr\u00e9 Mudry E-mail Secr\u00e9tariat: Claudine Gabioud E-mail 027 483 13 34 Alpkommission der Bauernvereinigung Oberwallis https:\/\/oberwalliser-bauern.ch\/ Pr\u00e9sident: Etienne B\u00fcrcher Secr\u00e9tariat: Thomas Lochmatter E-mail 027 945 15 71 Vous trouverez d&rsquo;autres points de contact (vulgarisation en \u00e9conomie alpestre des cantons, conseil en fromagerie d&rsquo;alpage, etc.) sur le portail d&rsquo;informations [&hellip;]<\/p>\n","protected":false},"author":5,"featured_media":0,"parent":664,"menu_order":0,"comment_status":"closed","ping_status":"closed","template":"template-fullwidth.php","meta":{"ngg_post_thumbnail":0,"footnotes":""},"class_list":["post-702","page","type-page","status-publish","hentry"],"_links":{"self":[{"href":"https:\/\/www.alpwirtschaft.ch\/fr\/wp-json\/wp\/v2\/pages\/702","targetHints":{"allow":["GET"]}}],"collection":[{"href":"https:\/\/www.alpwirtschaft.ch\/fr\/wp-json\/wp\/v2\/pages"}],"about":[{"href":"https:\/\/www.alpwirtschaft.ch\/fr\/wp-json\/wp\/v2\/types\/page"}],"author":[{"embeddable":true,"href":"https:\/\/www.alpwirtschaft.ch\/fr\/wp-json\/wp\/v2\/users\/5"}],"replies":[{"embeddable":true,"href":"https:\/\/www.alpwirtschaft.ch\/fr\/wp-json\/wp\/v2\/comments?post=702"}],"version-history":[{"count":4,"href":"https:\/\/www.alpwirtschaft.ch\/fr\/wp-json\/wp\/v2\/pages\/702\/revisions"}],"predecessor-version":[{"id":5798,"href":"https:\/\/www.alpwirtschaft.ch\/fr\/wp-json\/wp\/v2\/pages\/702\/revisions\/5798"}],"up":[{"embeddable":true,"href":"https:\/\/www.alpwirtschaft.ch\/fr\/wp-json\/wp\/v2\/pages\/664"}],"wp:attachment":[{"href":"https:\/\/www.alpwirtschaft.ch\/fr\/wp-json\/wp\/v2\/media?parent=702"}],"curies":[{"name":"wp","href":"https:\/\/api.w.org\/{rel}","templated":true}]}}