{"id":704,"date":"2015-06-29T13:55:06","date_gmt":"2015-06-29T13:55:06","guid":{"rendered":"http:\/\/www.alpwirtschaft.ch\/?page_id=704"},"modified":"2026-02-18T15:37:50","modified_gmt":"2026-02-18T15:37:50","slug":"comite","status":"publish","type":"page","link":"https:\/\/www.alpwirtschaft.ch\/fr\/societe\/comite\/","title":{"rendered":"Comit\u00e9"},"content":{"rendered":"<div class=\"threecol-two\">\n<p><strong>Pr\u00e9sident<\/strong><br \/>\nErnst Wandfluh<br \/>\nAgriculteur et Conseiller national<br \/>\n<a href=\"mailto:ernst.wandfluh@parl.ch\"><strong>Courriel<\/strong><\/a><\/p>\n<\/div> <div class=\"threecol-one last\">\n<p style=\"text-align: right;\">BE<\/p>\n<\/div><div class=\"clear\"><\/div><\/p>\n<hr \/>\n<div class=\"threecol-two\">\n<p><strong>Vice-pr\u00e9sident<\/strong><br \/>\nPhilippe Rosat<br \/>\nAgriculteur, membre du comit\u00e9 de la Soci\u00e9t\u00e9 vaudoise d&rsquo;\u00e9conomie alpestre (SVEA)<br \/>\n<a href=\"mailto:pipo72@bluewin.ch\"><strong>Courriel<\/strong><\/a><\/p>\n<\/div> <div class=\"threecol-one last\">\n<p style=\"text-align: right;\">VD<\/p>\n<\/div><div class=\"clear\"><\/div><\/p>\n<hr \/>\n<div class=\"threecol-two\">\n<p>Marco Bolt<br \/>\nService de l&rsquo;\u00e9conomie alpestre SG, Pr\u00e9sident de la Commission \u00ab\u00a0Fromage d&rsquo;alpage\u00a0\u00bb Suisse<br \/>\n<a href=\"mailto:Marco.Bolt@sg.ch\"><strong>Courriel<\/strong><\/a><\/p>\n<\/div> <div class=\"threecol-one last\">\n<p style=\"text-align: right;\">SG<\/p>\n<\/div><div class=\"clear\"><\/div><\/p>\n<hr \/>\n<div class=\"threecol-two\">\n<p>Karin Ehrensperger<br \/>\nAgricultrice, ing\u00e9nieur agronome EPFZ, enseignante \u00e0 l\u2019\u00e9cole professionnelle de Salez (SG)<br \/>\n<a href=\"mailto:karin.ehrensperger@gmail.com\"><strong>Courriel<\/strong><\/a><\/p>\n<\/div> <div class=\"threecol-one last\">\n<p style=\"text-align: right;\">GR<\/p>\n<\/div><div class=\"clear\"><\/div><\/p>\n<hr \/>\n<div class=\"threecol-two\">\n<p>Werner Hefti<br \/>\nAgriculteur, membre du comit\u00e9 \u00ab\u00a0Alpwirtschaftlicher Verein Glarnerland und Umgebung\u00a0\u00bb<br \/>\n<a href=\"mailto:w.hefti@bluewin.ch\"><strong>Courriel<\/strong><\/a><\/p>\n<\/div> <div class=\"threecol-one last\">\n<p style=\"text-align: right;\">GL<\/p>\n<\/div><div class=\"clear\"><\/div><\/p>\n<hr \/>\n<div class=\"threecol-two\">\n<p>Hans Kohler<br \/>\nAgriculteur, Pr\u00e9sident \u00ab\u00a0Verein Alpwirtschaft Bern\u00a0\u00bb<br \/>\n<a href=\"mailto:kohler.geissholz@bluewin.ch\"><strong>Courriel<\/strong><\/a><\/p>\n<\/div> <div class=\"threecol-one last\">\n<p style=\"text-align: right;\">BE<\/p>\n<\/div><div class=\"clear\"><\/div><\/p>\n<hr \/>\n<div class=\"threecol-two\">\n<p>Roman Marchi<br \/>\nAgriculteur et fromager, membre du comit\u00e9 \u00ab\u00a0Societ\u00e0 ticinese di economia alpestre (STEA)\u00a0\u00bb<br \/>\n<a href=\"mailto:marchi.roman@gmail.com\"><strong>Courriel<\/strong><\/a><\/p>\n<\/div> <div class=\"threecol-one last\">\n<p style=\"text-align: right;\">TI<\/p>\n<\/div><div class=\"clear\"><\/div><\/p>\n<hr \/>\n<div class=\"threecol-two\">\n<p>Walter Muheim<br \/>\nAgriculteur, membre du comit\u00e9 de la chambre d&rsquo;agriculture UR<br \/>\n<a href=\"mailto:mw.muheim@bluewin.ch\"><strong>Courriel<\/strong><\/a><\/p>\n<\/div> <div class=\"threecol-one last\">\n<p style=\"text-align: right;\">UR<\/p>\n<\/div><div class=\"clear\"><\/div><\/p>\n<hr \/>\n<div class=\"threecol-two\">\n<p>Stefan M\u00fcller<br \/>\nAgriculteur, Conseiller d&rsquo;Etat, pr\u00e9sident CDCA<br \/>\n<a href=\"mailto:stefan.mueller@lfd.ai.ch\"><strong>Courriel<\/strong><\/a><\/p>\n<\/div> <div class=\"threecol-one last\">\n<p style=\"text-align: right;\">AI<\/p>\n<\/div><div class=\"clear\"><\/div><\/p>\n<hr \/>\n<div class=\"threecol-two\">\n<p>Othmat Schelbert<br \/>\nAgriculteur, Pr\u00e9sident \u00ab\u00a0Alpwirtschaftlicher Verein Schwyz\u00a0\u00bb<br \/>\n<a href=\"mailto:regina.othmar@bluewin.ch\"><strong>Courriel<\/strong><\/a><\/p>\n<\/div> <div class=\"threecol-one last\">\n<p style=\"text-align: right;\">SZ<\/p>\n<\/div><div class=\"clear\"><\/div><\/p>\n<hr \/>\n<div class=\"threecol-two\">\n<p>Pius Schmid<br \/>\nAgriculteur, Pr\u00e9sident \u00ab\u00a0Alpwirtschaftlicher Verein Luzern\u00a0\u00bb<\/p>\n<\/div> <div class=\"threecol-one last\">\n<p style=\"text-align: right;\">LU<\/p>\n<\/div><div class=\"clear\"><\/div><\/p>\n<hr \/>\n<div class=\"threecol-two\">\n<p>Moritz Schwery<br \/>\nIng. Agr. EPFZ, ancien responsable du Centre agricole de Vi\u00e8ge VS<br \/>\n<a href=\"mailto:moritz.schwery@admin.vs.ch\"><strong>Courriel<\/strong><\/a><\/p>\n<\/div> <div class=\"threecol-one last\">\n<p style=\"text-align: right;\">VS<\/p>\n<\/div><div class=\"clear\"><\/div><\/p>\n<hr \/>\n<div class=\"threecol-two\">\n<p>Peter Seiler<br \/>\nAgriculteur, repr\u00e9sentant de la SSEA dans les comit\u00e9s du SAB et de l&rsquo;USP<br \/>\n<a href=\"mailto:peter@seiler-sarnen.ch\"><strong>Courriel<\/strong><\/a><\/p>\n<\/div> <div class=\"threecol-one last\">\n<p style=\"text-align: right;\">OW<\/p>\n<\/div><div class=\"clear\"><\/div><\/p>\n<hr \/>\n<div class=\"threecol-two\">\n<p>Elmar Zbinden<br \/>\nAgriculteur, Vice-pr\u00e9sident de la Soci\u00e9t\u00e9 fribourgeoise d&rsquo;\u00e9conomie alpestre<br \/>\n<a href=\"mailto:elmar.zbinden@bluewin.ch\"><strong>Courriel<\/strong><\/a><\/p>\n<\/div> <div class=\"threecol-one last\">\n<p style=\"text-align: right;\">FR<\/p>\n<\/div><div class=\"clear\"><\/div><\/p>\n<hr \/>\n<div class=\"threecol-two\">\n<p>David Zumstein<br \/>\nAgriculteur, CI Fromage d&rsquo;alpage d&rsquo;Obwald<br \/>\n<a href=\"mailto:zumstein.david@bluewin.ch\"><strong>Courriel<\/strong><\/a><\/p>\n<\/div> <div class=\"threecol-one last\">\n<p style=\"text-align: right;\">OW<\/p>\n<\/div><div class=\"clear\"><\/div><\/p>\n<hr \/>\n<div class=\"threecol-two\">\n<p><strong>Invit\u00e9 permanent<\/strong><br \/>\nBelk Bernard<br \/>\nSous-directeur Office f\u00e9d\u00e9rale de l&rsquo;agriculture<\/p>\n<\/div> <div class=\"threecol-one last\">\n<\/div><div class=\"clear\"><\/div><\/p>\n","protected":false},"excerpt":{"rendered":"","protected":false},"author":5,"featured_media":0,"parent":607,"menu_order":0,"comment_status":"open","ping_status":"open","template":"","meta":{"ngg_post_thumbnail":0,"footnotes":""},"class_list":["post-704","page","type-page","status-publish","hentry"],"_links":{"self":[{"href":"https:\/\/www.alpwirtschaft.ch\/fr\/wp-json\/wp\/v2\/pages\/704","targetHints":{"allow":["GET"]}}],"collection":[{"href":"https:\/\/www.alpwirtschaft.ch\/fr\/wp-json\/wp\/v2\/pages"}],"about":[{"href":"https:\/\/www.alpwirtschaft.ch\/fr\/wp-json\/wp\/v2\/types\/page"}],"author":[{"embeddable":true,"href":"https:\/\/www.alpwirtschaft.ch\/fr\/wp-json\/wp\/v2\/users\/5"}],"replies":[{"embeddable":true,"href":"https:\/\/www.alpwirtschaft.ch\/fr\/wp-json\/wp\/v2\/comments?post=704"}],"version-history":[{"count":39,"href":"https:\/\/www.alpwirtschaft.ch\/fr\/wp-json\/wp\/v2\/pages\/704\/revisions"}],"predecessor-version":[{"id":8163,"href":"https:\/\/www.alpwirtschaft.ch\/fr\/wp-json\/wp\/v2\/pages\/704\/revisions\/8163"}],"up":[{"embeddable":true,"href":"https:\/\/www.alpwirtschaft.ch\/fr\/wp-json\/wp\/v2\/pages\/607"}],"wp:attachment":[{"href":"https:\/\/www.alpwirtschaft.ch\/fr\/wp-json\/wp\/v2\/media?parent=704"}],"curies":[{"name":"wp","href":"https:\/\/api.w.org\/{rel}","templated":true}]}}