{"id":706,"date":"2015-06-29T13:57:39","date_gmt":"2015-06-29T13:57:39","guid":{"rendered":"http:\/\/www.alpwirtschaft.ch\/?page_id=706"},"modified":"2025-11-19T12:43:04","modified_gmt":"2025-11-19T12:43:04","slug":"lignes-directrices","status":"publish","type":"page","link":"https:\/\/www.alpwirtschaft.ch\/fr\/societe\/lignes-directrices\/","title":{"rendered":"Lignes directrices, statuts, programme d\u2019activit\u00e9s"},"content":{"rendered":"<h3><b>Notre vision<\/b><\/h3>\n<p>Produire d&rsquo;excellentes sp\u00e9cialit\u00e9s d&rsquo;alpage r\u00e9pondant en tous points aux besoins de la client\u00e8le, afin de r\u00e9aliser une forte valeur ajout\u00e9e. Il s\u2019agit aussi de perp\u00e9tuer les bases de l&rsquo;\u00e9conomie alpestres\u00a0: telles sont nos atouts pour assurer durablement le d\u00e9veloppement de cette activit\u00e9.<\/p>\n<p>La SSEA repr\u00e9sente les int\u00e9r\u00eats de ses membres, aupr\u00e8s des autorit\u00e9s, des organisations et milieux sp\u00e9cialis\u00e9s. Elle informe ses membres, ainsi que le public, quant aux enjeux li\u00e9s \u00e0 l&rsquo;\u00e9conomie alpestre. Elle entretient les contacts entre les diff\u00e9rentes r\u00e9gions concern\u00e9es par l\u2019\u00e9conomie alpestre, aussi bien en Suisse et qu\u2019\u00e0 l&rsquo;\u00e9tranger. Elle s\u2019efforce aussi de soutenir les exploitations d&rsquo;estivage, afin d&rsquo;augmenter la valeur ajout\u00e9e des produits d&rsquo;alpage, fabriqu\u00e9s dans des conditions particuli\u00e8res.<\/p>\n<h3><a href=\"https:\/\/www.alpwirtschaft.ch\/wp-content\/uploads\/2015\/02\/kuehe.jpg\"><img loading=\"lazy\" decoding=\"async\" class=\" size-medium wp-image-144 alignright\" src=\"https:\/\/www.alpwirtschaft.ch\/wp-content\/uploads\/2015\/02\/kuehe-300x185.jpg\" alt=\"kuehe\" width=\"300\" height=\"185\" srcset=\"https:\/\/www.alpwirtschaft.ch\/wp-content\/uploads\/2015\/02\/kuehe-300x185.jpg 300w, https:\/\/www.alpwirtschaft.ch\/wp-content\/uploads\/2015\/02\/kuehe-1024x633.jpg 1024w\" sizes=\"auto, (max-width: 300px) 100vw, 300px\" \/><\/a><b>Nos objectifs<\/b><\/h3>\n<p>Repr\u00e9senter et d\u00e9fendre les int\u00e9r\u00eats de ses membres, dans le cadre d\u2019une gestion durable des alpages, vis-\u00e0-vis des autorit\u00e9s, des organisations et des organes sp\u00e9cialis\u00e9s dans les domaines politiques et soci\u00e9taux.<\/p>\n<p>Encourager la cr\u00e9ation de r\u00e9seaux, les \u00e9changes d&rsquo;informations, les transferts de connaissances, en faveur de l&rsquo;\u00e9conomie alpestre, au niveau national et international.<\/p>\n<p>Soutenir les exploitations d&rsquo;estivage, afin qu\u2019elles puissent am\u00e9liorer la qualit\u00e9 de leurs denr\u00e9es, augmenter leurs ventes, ainsi que la valeur ajout\u00e9e des produits d&rsquo;alpage, fabriqu\u00e9s dans des conditions uniques.<\/p>\n<p><a href=\"https:\/\/www.alpwirtschaft.ch\/wp-content\/uploads\/2025\/11\/2026_SAV_Taetigkeitsprogramm_FR.pdf\" target=\"_blank\" rel=\"noopener\"><strong>Programme d&rsquo;activit\u00e9s 2026<\/strong><\/a><\/p>\n<p><a href=\"https:\/\/www.alpwirtschaft.ch\/wp-content\/uploads\/2024\/01\/2023_Statuten_SAV_f.pdf\" target=\"_blank\" rel=\"noopener\"><strong>Statuts<\/strong><\/a><\/p>\n<p><a href=\"https:\/\/www.alpwirtschaft.ch\/wp-content\/uploads\/2024\/01\/23_Beitragsreglement_f.pdf\" target=\"_blank\" rel=\"noopener\"><strong>R\u00e8glement des cotisations<\/strong><\/a><\/p>\n","protected":false},"excerpt":{"rendered":"<p>Notre vision Produire d&rsquo;excellentes sp\u00e9cialit\u00e9s d&rsquo;alpage r\u00e9pondant en tous points aux besoins de la client\u00e8le, afin de r\u00e9aliser une forte valeur ajout\u00e9e. Il s\u2019agit aussi de perp\u00e9tuer les bases de l&rsquo;\u00e9conomie alpestres\u00a0: telles sont nos atouts pour assurer durablement le d\u00e9veloppement de cette activit\u00e9. La SSEA repr\u00e9sente les int\u00e9r\u00eats de ses membres, aupr\u00e8s des autorit\u00e9s, [&hellip;]<\/p>\n","protected":false},"author":5,"featured_media":0,"parent":607,"menu_order":0,"comment_status":"open","ping_status":"open","template":"template-fullwidth.php","meta":{"ngg_post_thumbnail":0,"footnotes":""},"class_list":["post-706","page","type-page","status-publish","hentry"],"_links":{"self":[{"href":"https:\/\/www.alpwirtschaft.ch\/fr\/wp-json\/wp\/v2\/pages\/706","targetHints":{"allow":["GET"]}}],"collection":[{"href":"https:\/\/www.alpwirtschaft.ch\/fr\/wp-json\/wp\/v2\/pages"}],"about":[{"href":"https:\/\/www.alpwirtschaft.ch\/fr\/wp-json\/wp\/v2\/types\/page"}],"author":[{"embeddable":true,"href":"https:\/\/www.alpwirtschaft.ch\/fr\/wp-json\/wp\/v2\/users\/5"}],"replies":[{"embeddable":true,"href":"https:\/\/www.alpwirtschaft.ch\/fr\/wp-json\/wp\/v2\/comments?post=706"}],"version-history":[{"count":21,"href":"https:\/\/www.alpwirtschaft.ch\/fr\/wp-json\/wp\/v2\/pages\/706\/revisions"}],"predecessor-version":[{"id":8041,"href":"https:\/\/www.alpwirtschaft.ch\/fr\/wp-json\/wp\/v2\/pages\/706\/revisions\/8041"}],"up":[{"embeddable":true,"href":"https:\/\/www.alpwirtschaft.ch\/fr\/wp-json\/wp\/v2\/pages\/607"}],"wp:attachment":[{"href":"https:\/\/www.alpwirtschaft.ch\/fr\/wp-json\/wp\/v2\/media?parent=706"}],"curies":[{"name":"wp","href":"https:\/\/api.w.org\/{rel}","templated":true}]}}