{"id":714,"date":"2015-06-29T14:55:53","date_gmt":"2015-06-29T14:55:53","guid":{"rendered":"http:\/\/www.alpwirtschaft.ch\/?page_id=714"},"modified":"2015-06-29T14:55:53","modified_gmt":"2015-06-29T14:55:53","slug":"surfaces","status":"publish","type":"page","link":"https:\/\/www.alpwirtschaft.ch\/fr\/statistiques\/surfaces\/","title":{"rendered":"Surfaces"},"content":{"rendered":"<table width=\"398\">\n<tbody>\n<tr>\n<td width=\"213\">&nbsp;<\/td>\n<td width=\"57\">&nbsp;<\/td>\n<td width=\"128\">Diminution par rapport \u00e0 la p\u00e9riode pr\u00e9c\u00e9dente<\/td>\n<\/tr>\n<tr>\n<td width=\"213\">Prairies et p\u00e2turages<\/td>\n<td width=\"57\">&nbsp;<\/td>\n<td width=\"128\">&nbsp;<\/td>\n<\/tr>\n<tr>\n<td width=\"213\">Surfaces productives selon statistique d\u2018alpages (1891\/1911)<\/td>\n<td width=\"57\">673\u2018066 ha<\/td>\n<td width=\"128\">&nbsp;<\/td>\n<\/tr>\n<tr>\n<td width=\"213\">Surfaces productives selon cadastre alpestre (1954\/1982)<\/td>\n<td width=\"57\">612\u2018619 ha<\/td>\n<td width=\"128\">&#8211; 60\u2018447 ha<\/td>\n<\/tr>\n<tr>\n<td width=\"213\">Surfaces alpestres productives selon la statistique (1979\/85)<\/td>\n<td width=\"57\">560\u2018627 ha<\/td>\n<td width=\"128\">&#8211; 21&rsquo;992 ha<\/td>\n<\/tr>\n<tr>\n<td width=\"213\">Surfaces alpestres productives selon la statistique*) (1992\/97)<\/td>\n<td width=\"57\">537\u2018801 ha<\/td>\n<td width=\"128\">&#8211; 22&rsquo;826 ha<\/td>\n<\/tr>\n<\/tbody>\n<\/table>\n","protected":false},"excerpt":{"rendered":"<p>&nbsp; &nbsp; Diminution par rapport \u00e0 la p\u00e9riode pr\u00e9c\u00e9dente Prairies et p\u00e2turages &nbsp; &nbsp; Surfaces productives selon statistique d\u2018alpages (1891\/1911) 673\u2018066 ha &nbsp; Surfaces productives selon cadastre alpestre (1954\/1982) 612\u2018619 ha &#8211; 60\u2018447 ha Surfaces alpestres productives selon la statistique (1979\/85) 560\u2018627 ha &#8211; 21&rsquo;992 ha Surfaces alpestres productives selon la statistique*) (1992\/97) 537\u2018801 ha [&hellip;]<\/p>\n","protected":false},"author":5,"featured_media":0,"parent":616,"menu_order":0,"comment_status":"closed","ping_status":"closed","template":"template-fullwidth.php","meta":{"ngg_post_thumbnail":0,"footnotes":""},"class_list":["post-714","page","type-page","status-publish","hentry"],"_links":{"self":[{"href":"https:\/\/www.alpwirtschaft.ch\/fr\/wp-json\/wp\/v2\/pages\/714","targetHints":{"allow":["GET"]}}],"collection":[{"href":"https:\/\/www.alpwirtschaft.ch\/fr\/wp-json\/wp\/v2\/pages"}],"about":[{"href":"https:\/\/www.alpwirtschaft.ch\/fr\/wp-json\/wp\/v2\/types\/page"}],"author":[{"embeddable":true,"href":"https:\/\/www.alpwirtschaft.ch\/fr\/wp-json\/wp\/v2\/users\/5"}],"replies":[{"embeddable":true,"href":"https:\/\/www.alpwirtschaft.ch\/fr\/wp-json\/wp\/v2\/comments?post=714"}],"version-history":[{"count":1,"href":"https:\/\/www.alpwirtschaft.ch\/fr\/wp-json\/wp\/v2\/pages\/714\/revisions"}],"predecessor-version":[{"id":715,"href":"https:\/\/www.alpwirtschaft.ch\/fr\/wp-json\/wp\/v2\/pages\/714\/revisions\/715"}],"up":[{"embeddable":true,"href":"https:\/\/www.alpwirtschaft.ch\/fr\/wp-json\/wp\/v2\/pages\/616"}],"wp:attachment":[{"href":"https:\/\/www.alpwirtschaft.ch\/fr\/wp-json\/wp\/v2\/media?parent=714"}],"curies":[{"name":"wp","href":"https:\/\/api.w.org\/{rel}","templated":true}]}}