{"id":813,"date":"2015-06-30T12:47:27","date_gmt":"2015-06-30T12:47:27","guid":{"rendered":"http:\/\/www.alpwirtschaft.ch\/?page_id=813"},"modified":"2025-07-04T09:46:18","modified_gmt":"2025-07-04T09:46:18","slug":"rapport-annuel-allemand","status":"publish","type":"page","link":"https:\/\/www.alpwirtschaft.ch\/fr\/service\/rapport-annuel-allemand\/","title":{"rendered":"Rapports annuels de la SSEA"},"content":{"rendered":"\n<p>Vous trouvez ici les liens vers les rapports annuels des derni\u00e8res ann\u00e9es sous forme num\u00e9rique. Sur demande, nous vous laisserons consulter les rapports annuels des ann\u00e9es 1961 \u00e0 2011.<\/p>\n\n\n<p><a href=\"https:\/\/www.alpwirtschaft.ch\/wp-content\/uploads\/2025\/07\/Jahresbericht24_definitiv-1.pdf\" target=\"_blank\" rel=\"noopener\">Rapport annuel 2024<\/a><\/p>\n<p><a href=\"https:\/\/www.alpwirtschaft.ch\/wp-content\/uploads\/2024\/08\/SAV24_Jahresbericht23.pdf\" target=\"_blank\" rel=\"noopener\">Rapport annuel 2023<\/a><\/p>\n<p><a href=\"https:\/\/www.alpwirtschaft.ch\/wp-content\/uploads\/2023\/08\/SAV23_Jahresbericht22_def-2.pdf\" target=\"_blank\" rel=\"noopener\">Rapport annuel 2022<\/a><\/p>\n<p><a href=\"https:\/\/www.alpwirtschaft.ch\/wp-content\/uploads\/2022\/05\/Jahresbericht-_SAV_2021_-mai2022-5.pdf\">Rapport annuel 2021<\/a><\/p>\n<p><a href=\"https:\/\/www.alpwirtschaft.ch\/wp-content\/uploads\/2021\/09\/Gut-zum-Druck_02_60564_SAV_Mailing-SAV-Jahresbericht-2020_JB-2020-002-komprimiert-1.pdf\">Rapport annuel 2020<\/a><\/p>\n<p><a href=\"https:\/\/www.alpwirtschaft.ch\/wp-content\/uploads\/2020\/11\/200428_Jahresbericht-_SAV_2019.pdf\" target=\"_blank\" rel=\"noopener noreferrer\">Rapport annuel 2019 <\/a><\/p>\n<p><a href=\"https:\/\/www.alpwirtschaft.ch\/wp-content\/uploads\/2015\/06\/Jahresbericht-_SAV_2018_A4___Def-komprimiert.pdf\" target=\"_blank\" rel=\"noopener noreferrer\">Rapport annuel 2018<\/a><\/p>\n<p><a href=\"https:\/\/www.alpwirtschaft.ch\/wp-content\/uploads\/2015\/06\/SAV_Jahresbericht-2017.pdf\">Jahresbericht 2017<\/a><\/p>\n<p><a href=\"https:\/\/www.alpwirtschaft.ch\/wp-content\/uploads\/2015\/06\/SAV_Jahresbericht-2016.pdf\">Jahresbericht 2016<\/a><\/p>\n<p><a href=\"https:\/\/www.alpwirtschaft.ch\/wp-content\/uploads\/2015\/06\/Jahresbericht-2015_Internet.pdf\">Jahresbericht 2015<\/a><\/p>\n<p><a href=\"https:\/\/www.alpwirtschaft.ch\/wp-content\/uploads\/2015\/06\/SAV-Jahresbericht-2014.pdf\">Jahresbericht 2014<\/a><\/p>\n<p><a href=\"https:\/\/www.alpwirtschaft.ch\/wp-content\/uploads\/2015\/06\/SAV_Jahresbericht_2013.pdf\">Jahresbericht_2013<\/a><\/p>\n<p><a href=\"https:\/\/www.alpwirtschaft.ch\/wp-content\/uploads\/2015\/06\/SAV_Jahresbericht_2012.pdf\">Jahresbericht_2012<\/a><\/p>","protected":false},"excerpt":{"rendered":"<p>Vous trouvez ici les liens vers les rapports annuels des derni\u00e8res ann\u00e9es sous forme num\u00e9rique. Sur demande, nous vous laisserons consulter les rapports annuels des ann\u00e9es 1961 \u00e0 2011. Rapport annuel 2024 Rapport annuel 2023 Rapport annuel 2022 Rapport annuel 2021 Rapport annuel 2020 Rapport annuel 2019 Rapport annuel 2018 Jahresbericht 2017 Jahresbericht 2016 Jahresbericht [&hellip;]<\/p>\n","protected":false},"author":5,"featured_media":0,"parent":620,"menu_order":0,"comment_status":"closed","ping_status":"closed","template":"","meta":{"ngg_post_thumbnail":0,"footnotes":""},"class_list":["post-813","page","type-page","status-publish","hentry"],"_links":{"self":[{"href":"https:\/\/www.alpwirtschaft.ch\/fr\/wp-json\/wp\/v2\/pages\/813","targetHints":{"allow":["GET"]}}],"collection":[{"href":"https:\/\/www.alpwirtschaft.ch\/fr\/wp-json\/wp\/v2\/pages"}],"about":[{"href":"https:\/\/www.alpwirtschaft.ch\/fr\/wp-json\/wp\/v2\/types\/page"}],"author":[{"embeddable":true,"href":"https:\/\/www.alpwirtschaft.ch\/fr\/wp-json\/wp\/v2\/users\/5"}],"replies":[{"embeddable":true,"href":"https:\/\/www.alpwirtschaft.ch\/fr\/wp-json\/wp\/v2\/comments?post=813"}],"version-history":[{"count":17,"href":"https:\/\/www.alpwirtschaft.ch\/fr\/wp-json\/wp\/v2\/pages\/813\/revisions"}],"predecessor-version":[{"id":6864,"href":"https:\/\/www.alpwirtschaft.ch\/fr\/wp-json\/wp\/v2\/pages\/813\/revisions\/6864"}],"up":[{"embeddable":true,"href":"https:\/\/www.alpwirtschaft.ch\/fr\/wp-json\/wp\/v2\/pages\/620"}],"wp:attachment":[{"href":"https:\/\/www.alpwirtschaft.ch\/fr\/wp-json\/wp\/v2\/media?parent=813"}],"curies":[{"name":"wp","href":"https:\/\/api.w.org\/{rel}","templated":true}]}}